{"id":443,"date":"2023-07-11T12:23:03","date_gmt":"2023-07-11T17:23:03","guid":{"rendered":"https:\/\/www.akella.org\/home\/?page_id=443"},"modified":"2023-07-11T12:23:03","modified_gmt":"2023-07-11T17:23:03","slug":"cheeks-that-are-redder-than-the-prince-of-rubies-and-more-resplendent-padmaraga-siladharsa-paribhavi-kapolabhu%e1%b8%a5","status":"publish","type":"page","link":"https:\/\/www.akella.org\/home\/in-praise-of-mother-lalitha\/cheeks-that-are-redder-than-the-prince-of-rubies-and-more-resplendent-padmaraga-siladharsa-paribhavi-kapolabhu%e1%b8%a5","title":{"rendered":"Cheeks that are redder than the prince of rubies, and more resplendent! (Padmar\u0101ga-\u015bil\u0101dhar\u015ba-paribh\u0101vi-kapolabh\u016b\u1e25)"},"content":{"rendered":"\n<pre class=\"wp-block-verse\">In realms of grace, where beauty blooms,\nThere dwells a queen, Mother Lalitha, with whom\na canvas- Her cheeks - painted bold,\nWith crimson hues, a tale unfolds.\n\nRedder and brighter than rubies rare,\nThey glisten, adorned with love and care,\nReflecting depths of compassion's flame,\nA resplendent glow, a crimson claim.\n\nLike vibrant petals in a garden fair,\nHer cheeks, aflame, with tender care,\nIn scarlet tones, they warmly glow,\nA testament to the love they sow.\n\nThe prince of rubies pales in hue,\nBeside her cheeks, a fiery view,\nFor crimson reigns, a regal sight,\nA vivid shade, an emblem of light.\n\nHer complexion, a ruby's shade,\nA vivid red, where love is laid,\nAnd in that red, a message clear,\nCompassion's call, drawing near.\n\nHer ornaments, all painted red,\nWith precious stones, like rubies spread,\nEmbrace her cheeks, enhancing grace,\nAdding depth to her radiant face.\n\nThe sun and moon, within her ear,\nBestow a glow, both bold and clear,\nTheir crimson beams, a fiery art,\nThat kindle flames within the heart.\n\nWith every touch, with every glance,\nHer cheeks ignite, compassion's dance,\nA beacon shining, pure and bright,\nGuiding souls through darkest night.\n\nMother Lalitha, queen divine,\nWith cheeks aglow, in crimson shine,\nYour red, a symbol, compassion's call,\nA gift to cherish, love for all.\n\n-<em>Mani<\/em><\/pre>\n","protected":false},"excerpt":{"rendered":"<p>In realms of grace, where beauty blooms, There dwells a queen, Mother Lalitha, with whom a canvas- Her cheeks &#8211; painted bold, With crimson hues, a tale unfolds. Redder and brighter than rubies rare, They glisten, adorned with love and &hellip; <a href=\"https:\/\/www.akella.org\/home\/in-praise-of-mother-lalitha\/cheeks-that-are-redder-than-the-prince-of-rubies-and-more-resplendent-padmaraga-siladharsa-paribhavi-kapolabhu%e1%b8%a5\">Continue reading <span class=\"meta-nav\">&rarr;<\/span><\/a><\/p>\n","protected":false},"author":2,"featured_media":0,"parent":378,"menu_order":0,"comment_status":"closed","ping_status":"closed","template":"","meta":{"footnotes":""},"class_list":["post-443","page","type-page","status-publish","hentry"],"_links":{"self":[{"href":"https:\/\/www.akella.org\/home\/wp-json\/wp\/v2\/pages\/443","targetHints":{"allow":["GET"]}}],"collection":[{"href":"https:\/\/www.akella.org\/home\/wp-json\/wp\/v2\/pages"}],"about":[{"href":"https:\/\/www.akella.org\/home\/wp-json\/wp\/v2\/types\/page"}],"author":[{"embeddable":true,"href":"https:\/\/www.akella.org\/home\/wp-json\/wp\/v2\/users\/2"}],"replies":[{"embeddable":true,"href":"https:\/\/www.akella.org\/home\/wp-json\/wp\/v2\/comments?post=443"}],"version-history":[{"count":1,"href":"https:\/\/www.akella.org\/home\/wp-json\/wp\/v2\/pages\/443\/revisions"}],"predecessor-version":[{"id":444,"href":"https:\/\/www.akella.org\/home\/wp-json\/wp\/v2\/pages\/443\/revisions\/444"}],"up":[{"embeddable":true,"href":"https:\/\/www.akella.org\/home\/wp-json\/wp\/v2\/pages\/378"}],"wp:attachment":[{"href":"https:\/\/www.akella.org\/home\/wp-json\/wp\/v2\/media?parent=443"}],"curies":[{"name":"wp","href":"https:\/\/api.w.org\/{rel}","templated":true}]}}