{"id":445,"date":"2023-07-11T12:29:40","date_gmt":"2023-07-11T17:29:40","guid":{"rendered":"https:\/\/www.akella.org\/home\/?page_id=445"},"modified":"2023-07-11T12:29:40","modified_gmt":"2023-07-11T17:29:40","slug":"lips-so-full-so-red-and-so-very-pleasant-to-behold-navavidruma-bimbasri-nyakkari-radanacchada","status":"publish","type":"page","link":"https:\/\/www.akella.org\/home\/in-praise-of-mother-lalitha\/lips-so-full-so-red-and-so-very-pleasant-to-behold-navavidruma-bimbasri-nyakkari-radanacchada","title":{"rendered":"Lips so full, so red, and so very pleasant to behold! (Navavidruma-bimba\u015br\u012b-nyakk\u0101ri-radanacchad\u0101)"},"content":{"rendered":"\n<pre class=\"wp-block-verse\">In realms where beauty's essence thrives,\nWhere poets seek enchanting rhymes,\nThere dwells a vision, wondrous and rare,\nThe lips of Lalitha, beyond compare.\n\nLike dawn's first blush upon the sky,\nHer lips unfold, a vivid sigh,\nA hue that shames the coral's grace,\nUnraveling secrets none can trace.\n\nBeyond the realms where wonders lie,\nWhere nature's palette longs to try,\nHer lips surpass the reddest fruit,\nThe Bimba's glory, oh, how they dispute!\n\nNo ivy gourd, so vivid, so pure,\nCan match the radiance they procure,\nFor Lalitha's lips, a sacred flame,\nWith ardor burn, her silent acclaim.\n\nA symphony of warmth and fire,\nTheir essence weaves a soul's desire,\nA coral's envy, they transcend,\nA tapestry where hues contend.\n\nNo words can capture their vibrant spell,\nA crimson tale that words can't tell,\nBut poets dare to dream and try,\nTo honor Lalitha, lips awry.\n\nOh, Mother Lalitha, celestial art,\nYour lips outshine the world's grandest part,\nIn realms of beauty, you're heaven's own,\nWith lips that grace a mystic throne.\n\n-<em>Mani<\/em><\/pre>\n","protected":false},"excerpt":{"rendered":"<p>In realms where beauty&#8217;s essence thrives, Where poets seek enchanting rhymes, There dwells a vision, wondrous and rare, The lips of Lalitha, beyond compare. Like dawn&#8217;s first blush upon the sky, Her lips unfold, a vivid sigh, A hue that &hellip; <a href=\"https:\/\/www.akella.org\/home\/in-praise-of-mother-lalitha\/lips-so-full-so-red-and-so-very-pleasant-to-behold-navavidruma-bimbasri-nyakkari-radanacchada\">Continue reading <span class=\"meta-nav\">&rarr;<\/span><\/a><\/p>\n","protected":false},"author":2,"featured_media":0,"parent":378,"menu_order":0,"comment_status":"closed","ping_status":"closed","template":"","meta":{"footnotes":""},"class_list":["post-445","page","type-page","status-publish","hentry"],"_links":{"self":[{"href":"https:\/\/www.akella.org\/home\/wp-json\/wp\/v2\/pages\/445","targetHints":{"allow":["GET"]}}],"collection":[{"href":"https:\/\/www.akella.org\/home\/wp-json\/wp\/v2\/pages"}],"about":[{"href":"https:\/\/www.akella.org\/home\/wp-json\/wp\/v2\/types\/page"}],"author":[{"embeddable":true,"href":"https:\/\/www.akella.org\/home\/wp-json\/wp\/v2\/users\/2"}],"replies":[{"embeddable":true,"href":"https:\/\/www.akella.org\/home\/wp-json\/wp\/v2\/comments?post=445"}],"version-history":[{"count":1,"href":"https:\/\/www.akella.org\/home\/wp-json\/wp\/v2\/pages\/445\/revisions"}],"predecessor-version":[{"id":446,"href":"https:\/\/www.akella.org\/home\/wp-json\/wp\/v2\/pages\/445\/revisions\/446"}],"up":[{"embeddable":true,"href":"https:\/\/www.akella.org\/home\/wp-json\/wp\/v2\/pages\/378"}],"wp:attachment":[{"href":"https:\/\/www.akella.org\/home\/wp-json\/wp\/v2\/media?parent=445"}],"curies":[{"name":"wp","href":"https:\/\/api.w.org\/{rel}","templated":true}]}}