{"id":461,"date":"2023-07-11T14:41:07","date_gmt":"2023-07-11T19:41:07","guid":{"rendered":"https:\/\/www.akella.org\/home\/?page_id=461"},"modified":"2023-07-11T14:41:08","modified_gmt":"2023-07-11T19:41:08","slug":"a-smile-that-enchants-and-liberates-mandasmita-prabhapura-majjatkamesa-manasa","status":"publish","type":"page","link":"https:\/\/www.akella.org\/home\/in-praise-of-mother-lalitha\/a-smile-that-enchants-and-liberates-mandasmita-prabhapura-majjatkamesa-manasa","title":{"rendered":"A smile that enchants, and liberates! (Mandasmita-prabh\u0101p\u016bra-majjatk\u0101me\u015ba-m\u0101nas\u0101)"},"content":{"rendered":"\n<pre class=\"wp-block-verse\">In realms where celestial wonders reside,\r\nWhere mystic melodies effortlessly glide,\r\nThere dwells a goddess with grace untold,\r\nMother Lalitha, her smile of gold.\r\n\r\nOh, Mother Lalitha, your smile so rare,\r\nMandasmita, a benevolence beyond compare,\r\nIn that enchanting curve, a universe unfurled,\r\nA celestial tapestry, before my eyes, unfurls.\r\n\r\nK\u0101me\u015ba, the Lord of Love, stands enchanted,\r\nImmersed in your smile, by bliss enchanted,\r\nFor in that sacred moment, time stands still,\r\nAnd all the cosmos your radiance does fill.\r\n\r\nK\u0101ma, the dot, the seed of desire,\r\nBinds us to this world, our passions inspire,\r\nYet your smile, dear Mother, transcends it all,\r\nTransforming ego's bindu, making it fall.\r\n\r\nIn your smile, the sun and moon unite,\r\nHarmony and balance, shining bright,\r\nThe bindu, the ego, dissolves away,\r\nAs love's pure essence comes to play.\r\n\r\nOh, Mother Lalitha, your smile's sweet spell,\r\nDraws ignorant souls, in love, to dwell,\r\nWith tender grace, you offer them light,\r\nSalvation through wisdom, divine insight.\r\n\r\nIgniting hearts with your luminous grace,\r\nGuiding lost souls to their rightful place,\r\nYour smile, a beacon of truth and grace,\r\nLeading us to liberation's embrace.\r\n\r\nOh, Mother Lalitha, in your smile I find,\r\nThe answers to questions that perplex the mind,\r\nWith boundless love, you heal and restore,\r\nDispelling darkness, forevermore.\r\n\r\nEternal gratitude, we offer to thee,\r\nFor your smile's gift, so pure and free,\r\nMother Lalitha, in your radiance we thrive,\r\nForever blessed by your smile, alive.\r\n\n-<em>Mani<\/em><\/pre>\n","protected":false},"excerpt":{"rendered":"<p>In realms where celestial wonders reside, Where mystic melodies effortlessly glide, There dwells a goddess with grace untold, Mother Lalitha, her smile of gold. Oh, Mother Lalitha, your smile so rare, Mandasmita, a benevolence beyond compare, In that enchanting curve, &hellip; <a href=\"https:\/\/www.akella.org\/home\/in-praise-of-mother-lalitha\/a-smile-that-enchants-and-liberates-mandasmita-prabhapura-majjatkamesa-manasa\">Continue reading <span class=\"meta-nav\">&rarr;<\/span><\/a><\/p>\n","protected":false},"author":2,"featured_media":0,"parent":378,"menu_order":0,"comment_status":"closed","ping_status":"closed","template":"","meta":{"footnotes":""},"class_list":["post-461","page","type-page","status-publish","hentry"],"_links":{"self":[{"href":"https:\/\/www.akella.org\/home\/wp-json\/wp\/v2\/pages\/461","targetHints":{"allow":["GET"]}}],"collection":[{"href":"https:\/\/www.akella.org\/home\/wp-json\/wp\/v2\/pages"}],"about":[{"href":"https:\/\/www.akella.org\/home\/wp-json\/wp\/v2\/types\/page"}],"author":[{"embeddable":true,"href":"https:\/\/www.akella.org\/home\/wp-json\/wp\/v2\/users\/2"}],"replies":[{"embeddable":true,"href":"https:\/\/www.akella.org\/home\/wp-json\/wp\/v2\/comments?post=461"}],"version-history":[{"count":1,"href":"https:\/\/www.akella.org\/home\/wp-json\/wp\/v2\/pages\/461\/revisions"}],"predecessor-version":[{"id":462,"href":"https:\/\/www.akella.org\/home\/wp-json\/wp\/v2\/pages\/461\/revisions\/462"}],"up":[{"embeddable":true,"href":"https:\/\/www.akella.org\/home\/wp-json\/wp\/v2\/pages\/378"}],"wp:attachment":[{"href":"https:\/\/www.akella.org\/home\/wp-json\/wp\/v2\/media?parent=461"}],"curies":[{"name":"wp","href":"https:\/\/api.w.org\/{rel}","templated":true}]}}