{"id":487,"date":"2023-07-12T11:14:35","date_gmt":"2023-07-12T16:14:35","guid":{"rendered":"https:\/\/www.akella.org\/home\/?page_id=487"},"modified":"2023-07-13T05:24:15","modified_gmt":"2023-07-13T10:24:15","slug":"a-waist-so-slim-it-can-be-observed-only-by-the-creeper-like-navel-hairslak%e1%b9%a3ya-roma-latadharata-samunneya-madhyama","status":"publish","type":"page","link":"https:\/\/www.akella.org\/home\/in-praise-of-mother-lalitha\/a-waist-so-slim-it-can-be-observed-only-by-the-creeper-like-navel-hairslak%e1%b9%a3ya-roma-latadharata-samunneya-madhyama","title":{"rendered":"A waist so slim, it can be observed only by the creeper-like navel hairs!(Lak\u1e63ya-roma-lat\u0101dh\u0101rat\u0101-samunneya-madhyam\u0101)"},"content":{"rendered":"\n<pre class=\"wp-block-verse\">In realms unseen, where mysteries reside,\nA realm where subtle truths forever hide,\nThere lies the Atma, essence of the soul,\nElusive, ethereal, our ultimate goal.\n\nTo find this essence, we must turn within,\nWhere stillness resides, away from worldly din,\nLike a lotus blooming in a tranquil lake,\nThe Atma reveals itself only for seekers' sake.\n\nJust as a sage seeks knowledge through deep thought,\nMeditation's path reveals the Atma sought,\nIn silence, we embark on a sacred quest,\nTo perceive the essence that lies at its crest.\n\nLike Mother Lalitha, with her form divine,\nHer waist so delicate, oh, how it intertwines,\nWith tendril-like hairs, a subtle adornment,\nThat only keen eyes can witness the moment.\n\nSuch is the quest to perceive the Atma's grace,\nA journey of focus, meditation's embrace,\nIn the stillness of mind, we embark on the way,\nTo witness the essence that forever may stay.\n\nWith utmost devotion, we delve within,\nThrough layers of thoughts and the noise of our kin,\nWe ride the waves of consciousness and delve,\nInto the depths of the self, where truths do swell.\n\nAnd just as Lalitha's waist reveals its art,\nThe Atma emerges, a glimpse of the heart,\nSo subtle, ethereal, it dances and gleams,\nWithin the meditator's serene dreams.\n\nThe path to find Atma requires dedication,\nTo silence the mind and seek its revelation,\nFor in the realm of silence and focus deep,\nThe Atma awakens from its timeless sleep.\n\nSo let us ride the tendril-like navel hairs,\nOf Lalitha's form, with devotion and cares,\nAnd through meditation's lens, let us aspire,\nTo perceive the Atma (with Her Grace), our soul's eternal fire.\n\n\n-<em>Mani<\/em><\/pre>\n","protected":false},"excerpt":{"rendered":"<p>In realms unseen, where mysteries reside, A realm where subtle truths forever hide, There lies the Atma, essence of the soul, Elusive, ethereal, our ultimate goal. To find this essence, we must turn within, Where stillness resides, away from worldly &hellip; <a href=\"https:\/\/www.akella.org\/home\/in-praise-of-mother-lalitha\/a-waist-so-slim-it-can-be-observed-only-by-the-creeper-like-navel-hairslak%e1%b9%a3ya-roma-latadharata-samunneya-madhyama\">Continue reading <span class=\"meta-nav\">&rarr;<\/span><\/a><\/p>\n","protected":false},"author":2,"featured_media":0,"parent":378,"menu_order":0,"comment_status":"closed","ping_status":"closed","template":"","meta":{"footnotes":""},"class_list":["post-487","page","type-page","status-publish","hentry"],"_links":{"self":[{"href":"https:\/\/www.akella.org\/home\/wp-json\/wp\/v2\/pages\/487","targetHints":{"allow":["GET"]}}],"collection":[{"href":"https:\/\/www.akella.org\/home\/wp-json\/wp\/v2\/pages"}],"about":[{"href":"https:\/\/www.akella.org\/home\/wp-json\/wp\/v2\/types\/page"}],"author":[{"embeddable":true,"href":"https:\/\/www.akella.org\/home\/wp-json\/wp\/v2\/users\/2"}],"replies":[{"embeddable":true,"href":"https:\/\/www.akella.org\/home\/wp-json\/wp\/v2\/comments?post=487"}],"version-history":[{"count":1,"href":"https:\/\/www.akella.org\/home\/wp-json\/wp\/v2\/pages\/487\/revisions"}],"predecessor-version":[{"id":488,"href":"https:\/\/www.akella.org\/home\/wp-json\/wp\/v2\/pages\/487\/revisions\/488"}],"up":[{"embeddable":true,"href":"https:\/\/www.akella.org\/home\/wp-json\/wp\/v2\/pages\/378"}],"wp:attachment":[{"href":"https:\/\/www.akella.org\/home\/wp-json\/wp\/v2\/media?parent=487"}],"curies":[{"name":"wp","href":"https:\/\/api.w.org\/{rel}","templated":true}]}}