{"id":496,"date":"2023-07-12T12:01:32","date_gmt":"2023-07-12T17:01:32","guid":{"rendered":"https:\/\/www.akella.org\/home\/?page_id=496"},"modified":"2023-07-12T12:01:33","modified_gmt":"2023-07-12T17:01:33","slug":"a-girdle-adorned-with-jewel-studded-bells-ratna-ki%e1%b9%85ki%e1%b9%87ika-ramya-rasana-dama-bhu%e1%b9%a3ita","status":"publish","type":"page","link":"https:\/\/www.akella.org\/home\/in-praise-of-mother-lalitha\/a-girdle-adorned-with-jewel-studded-bells-ratna-ki%e1%b9%85ki%e1%b9%87ika-ramya-rasana-dama-bhu%e1%b9%a3ita","title":{"rendered":"A girdle adorned with jewel-studded bells! (Ratna-ki\u1e45ki\u1e47ik\u0101-ramya-ra\u015ban\u0101-d\u0101ma-bh\u016b\u1e63it\u0101)"},"content":{"rendered":"\n<pre class=\"wp-block-verse\">In realms unseen, where mystic whispers dwell,\r\nResides the essence of a sacred spell,\r\nA girdle adorned, bell-studded with grace,\r\nMother Lalitha's gift, in sacred embrace.\r\n\r\nEach bell, a jewel in its radiant glow,\r\nReflects the wisdom that the ancients know,\r\nWith gems of myriad hues, their secrets gleam,\r\nUnveiling truths beyond a mortal's dream.\r\n\r\nWithin this girdle, magic finds its place,\r\nA testament to love and divine grace,\r\nFor as it sways, with every gentle sway,\r\nIt sings a hymn, the melody of the day.\r\n\r\nEach chime resounds, a cosmic symphony,\r\nConnecting realms of spirit, you and me,\r\nWith every step, its blessings they bestow,\r\nA guiding force, wherever we may go.\r\n\r\nFor in this girdle lies a sacred bond,\r\nA tether to the eternal, far beyond,\r\nIt is the foundation, the sustenance's key,\r\nTo unlock the gift of life's vitality.\r\n\r\nWith every tinkling note, our spirits soar,\r\nTo realms where love and wisdom we explore,\r\nThe girdle's magic, a compass true and pure,\r\nGuiding seekers on their path to secure.\r\n\r\nSo let us honor Lalitha's sacred gift,\r\nEmbracing its resonance, let our souls uplift,\r\nFor in its melody, we find our ground,\r\nAnd in its blessings, sustenance is found.\r\n\r\nThrough bell-studded gems, may wisdom arise,\r\nAnd may our hearts be open, free from guise,\r\nThe girdle of Lalitha, forever revered,\r\nA symbol of the love that we hold dear.\r\n\n-<em>Mani<\/em><\/pre>\n","protected":false},"excerpt":{"rendered":"<p>In realms unseen, where mystic whispers dwell, Resides the essence of a sacred spell, A girdle adorned, bell-studded with grace, Mother Lalitha&#8217;s gift, in sacred embrace. Each bell, a jewel in its radiant glow, Reflects the wisdom that the ancients &hellip; <a href=\"https:\/\/www.akella.org\/home\/in-praise-of-mother-lalitha\/a-girdle-adorned-with-jewel-studded-bells-ratna-ki%e1%b9%85ki%e1%b9%87ika-ramya-rasana-dama-bhu%e1%b9%a3ita\">Continue reading <span class=\"meta-nav\">&rarr;<\/span><\/a><\/p>\n","protected":false},"author":2,"featured_media":0,"parent":378,"menu_order":0,"comment_status":"closed","ping_status":"closed","template":"","meta":{"footnotes":""},"class_list":["post-496","page","type-page","status-publish","hentry"],"_links":{"self":[{"href":"https:\/\/www.akella.org\/home\/wp-json\/wp\/v2\/pages\/496","targetHints":{"allow":["GET"]}}],"collection":[{"href":"https:\/\/www.akella.org\/home\/wp-json\/wp\/v2\/pages"}],"about":[{"href":"https:\/\/www.akella.org\/home\/wp-json\/wp\/v2\/types\/page"}],"author":[{"embeddable":true,"href":"https:\/\/www.akella.org\/home\/wp-json\/wp\/v2\/users\/2"}],"replies":[{"embeddable":true,"href":"https:\/\/www.akella.org\/home\/wp-json\/wp\/v2\/comments?post=496"}],"version-history":[{"count":1,"href":"https:\/\/www.akella.org\/home\/wp-json\/wp\/v2\/pages\/496\/revisions"}],"predecessor-version":[{"id":497,"href":"https:\/\/www.akella.org\/home\/wp-json\/wp\/v2\/pages\/496\/revisions\/497"}],"up":[{"embeddable":true,"href":"https:\/\/www.akella.org\/home\/wp-json\/wp\/v2\/pages\/378"}],"wp:attachment":[{"href":"https:\/\/www.akella.org\/home\/wp-json\/wp\/v2\/media?parent=496"}],"curies":[{"name":"wp","href":"https:\/\/api.w.org\/{rel}","templated":true}]}}