{"id":498,"date":"2023-07-12T12:14:06","date_gmt":"2023-07-12T17:14:06","guid":{"rendered":"https:\/\/www.akella.org\/home\/?page_id=498"},"modified":"2023-07-12T12:14:06","modified_gmt":"2023-07-12T17:14:06","slug":"some-secrets-need-to-stay-secret-for-the-benefit-of-all-life-kamesa-jnata-saubhagya-mardavoru-dvayanvita","status":"publish","type":"page","link":"https:\/\/www.akella.org\/home\/in-praise-of-mother-lalitha\/some-secrets-need-to-stay-secret-for-the-benefit-of-all-life-kamesa-jnata-saubhagya-mardavoru-dvayanvita","title":{"rendered":"Some secrets need to stay secret \u2013 for the benefit of all life! (K\u0101me\u015ba-j\u00f1\u0101ta-saubh\u0101gya-m\u0101rdavoru-dvay\u0101nvit\u0101)"},"content":{"rendered":"\n<pre class=\"wp-block-verse\">In realms unseen, where knowledge hides,\r\nThere lies a truth that fate decides.\r\nFor some mysteries, like veiled disguise,\r\nAre known to few, and no one else's eyes.\r\n\r\nJust as the beauty of Lalitha's thighs,\r\nA secret held by Lord Siva, wise,\r\nHidden from mortal gaze, concealed,\r\nIn sacred depths, where truths are sealed.\r\n\r\nIn their strength, a paradox unfolds,\r\nStrong yet gentle, these truths behold.\r\nFor dissolution, swift and brief,\r\nRequires equanimity, beyond belief.\r\n\r\nTo unravel the purpose, to understand,\r\nOne must possess a composed command.\r\nWithin those thighs, a power resides,\r\nMysteries and secrets, veiled inside.\r\n\r\nFor what is created with purpose profound,\r\nIn the realm of existence, where cycles abound,\r\nDemands an end, a moment of cessation,\r\nTo harmonize with life's grand equation.\r\n\r\nYet, these hidden truths, they do not share,\r\nWith common souls, who unaware,\r\nIn ignorance, they pass each day,\r\nUnaware of secrets held at bay.\r\n\r\nFor Mother Lalitha's thighs, they hold,\r\nA knowledge ancient, a tale untold.\r\nAnd as Siva gazes, he alone beholds,\r\nThe mysteries that the cosmos enfolds.\r\n\r\nSo let us seek within, with open hearts,\r\nEmbrace the unknown, where wisdom imparts.\r\nFor hidden knowledge, though concealed from sight,\r\nIlluminates our souls with celestial light.\r\n\n-<em>Mani<\/em><\/pre>\n","protected":false},"excerpt":{"rendered":"<p>In realms unseen, where knowledge hides, There lies a truth that fate decides. For some mysteries, like veiled disguise, Are known to few, and no one else&#8217;s eyes. Just as the beauty of Lalitha&#8217;s thighs, A secret held by Lord &hellip; <a href=\"https:\/\/www.akella.org\/home\/in-praise-of-mother-lalitha\/some-secrets-need-to-stay-secret-for-the-benefit-of-all-life-kamesa-jnata-saubhagya-mardavoru-dvayanvita\">Continue reading <span class=\"meta-nav\">&rarr;<\/span><\/a><\/p>\n","protected":false},"author":2,"featured_media":0,"parent":378,"menu_order":0,"comment_status":"closed","ping_status":"closed","template":"","meta":{"footnotes":""},"class_list":["post-498","page","type-page","status-publish","hentry"],"_links":{"self":[{"href":"https:\/\/www.akella.org\/home\/wp-json\/wp\/v2\/pages\/498","targetHints":{"allow":["GET"]}}],"collection":[{"href":"https:\/\/www.akella.org\/home\/wp-json\/wp\/v2\/pages"}],"about":[{"href":"https:\/\/www.akella.org\/home\/wp-json\/wp\/v2\/types\/page"}],"author":[{"embeddable":true,"href":"https:\/\/www.akella.org\/home\/wp-json\/wp\/v2\/users\/2"}],"replies":[{"embeddable":true,"href":"https:\/\/www.akella.org\/home\/wp-json\/wp\/v2\/comments?post=498"}],"version-history":[{"count":1,"href":"https:\/\/www.akella.org\/home\/wp-json\/wp\/v2\/pages\/498\/revisions"}],"predecessor-version":[{"id":499,"href":"https:\/\/www.akella.org\/home\/wp-json\/wp\/v2\/pages\/498\/revisions\/499"}],"up":[{"embeddable":true,"href":"https:\/\/www.akella.org\/home\/wp-json\/wp\/v2\/pages\/378"}],"wp:attachment":[{"href":"https:\/\/www.akella.org\/home\/wp-json\/wp\/v2\/media?parent=498"}],"curies":[{"name":"wp","href":"https:\/\/api.w.org\/{rel}","templated":true}]}}