{"id":511,"date":"2023-07-12T16:33:43","date_gmt":"2023-07-12T21:33:43","guid":{"rendered":"https:\/\/www.akella.org\/home\/?page_id=511"},"modified":"2023-07-12T16:33:44","modified_gmt":"2023-07-12T21:33:44","slug":"oh-those-beautiful-feet-pada-dvaya-prabha-jala-parak%e1%b9%9bta-saroruha","status":"publish","type":"page","link":"https:\/\/www.akella.org\/home\/in-praise-of-mother-lalitha\/oh-those-beautiful-feet-pada-dvaya-prabha-jala-parak%e1%b9%9bta-saroruha","title":{"rendered":"Oh those Beautiful Feet! (Pada-dvaya-prabh\u0101-j\u0101la-par\u0101k\u1e5bta-saroruh\u0101)"},"content":{"rendered":"\n<pre class=\"wp-block-verse\">In realms divine, where grace unfolds,\nResides the beauty that ne'er grows old.\nMother Lalitha, radiant and sweet,\nHer holy feet, a vision to greet.\n\nFar beyond the lotus' tender bloom,\nHer feet transcend the earthly gloom.\nFor in those soles, a sacred tale,\nThe cosmos births, in steps prevail.\n\nFour feet adorned with celestial grace,\nEach with its role, in time and space.\n\u015aukla and rakta, divine and pure,\nRest in \u0101j\u00f1a, wisdom secure.\n\nBrahma, the creator, finds his place,\nIn Her feet, where new worlds embrace.\nVi\u1e63\u1e47u sustains, with love profound,\nIn the feet where rakta is found.\n\nMi\u015bra, a blend of colors rare,\nRests on the heart, a love to share.\nRudra, the dissolver, finds his might,\nIn those feet, aglow with cosmic light.\n\nAnd lastly, nirv\u0101na, liberation's call,\nFeet on sahasr\u0101ra, where souls enthrall.\nSad\u0101\u015biva's realm, where freedom thrives,\nHer feet guide seekers to eternal lives.\n\nOh, the beauty of Lalitha's feet,\nMore radiant than lotus, pure and sweet.\nIn dust that graces those sacred soles,\nThe universe's cycles unfold.\n\nFor Brahma gathers specks, oh so fine,\nTo shape the worlds, a grand design.\nVi\u1e63\u1e47u sustains, with tender care,\nWhile Rudra dissolves, with fiery flare.\n\nAnd in nirv\u0101na's blissful embrace,\nShe recreates, with love and grace.\nFour feet divine, the cosmic dance,\nGuiding souls towards liberation's expanse.\n\nSo let us bow, with utmost devotion,\nTo Mother Lalitha's feet, in ocean of emotion.\nHer beauty surpasses all earthly claims,\nAs we bask in the glory of Her sacred flames.\n\n-<em>Mani<\/em><\/pre>\n","protected":false},"excerpt":{"rendered":"<p>In realms divine, where grace unfolds, Resides the beauty that ne&#8217;er grows old. Mother Lalitha, radiant and sweet, Her holy feet, a vision to greet. Far beyond the lotus&#8217; tender bloom, Her feet transcend the earthly gloom. For in those &hellip; <a href=\"https:\/\/www.akella.org\/home\/in-praise-of-mother-lalitha\/oh-those-beautiful-feet-pada-dvaya-prabha-jala-parak%e1%b9%9bta-saroruha\">Continue reading <span class=\"meta-nav\">&rarr;<\/span><\/a><\/p>\n","protected":false},"author":2,"featured_media":0,"parent":378,"menu_order":0,"comment_status":"closed","ping_status":"closed","template":"","meta":{"footnotes":""},"class_list":["post-511","page","type-page","status-publish","hentry"],"_links":{"self":[{"href":"https:\/\/www.akella.org\/home\/wp-json\/wp\/v2\/pages\/511","targetHints":{"allow":["GET"]}}],"collection":[{"href":"https:\/\/www.akella.org\/home\/wp-json\/wp\/v2\/pages"}],"about":[{"href":"https:\/\/www.akella.org\/home\/wp-json\/wp\/v2\/types\/page"}],"author":[{"embeddable":true,"href":"https:\/\/www.akella.org\/home\/wp-json\/wp\/v2\/users\/2"}],"replies":[{"embeddable":true,"href":"https:\/\/www.akella.org\/home\/wp-json\/wp\/v2\/comments?post=511"}],"version-history":[{"count":1,"href":"https:\/\/www.akella.org\/home\/wp-json\/wp\/v2\/pages\/511\/revisions"}],"predecessor-version":[{"id":512,"href":"https:\/\/www.akella.org\/home\/wp-json\/wp\/v2\/pages\/511\/revisions\/512"}],"up":[{"embeddable":true,"href":"https:\/\/www.akella.org\/home\/wp-json\/wp\/v2\/pages\/378"}],"wp:attachment":[{"href":"https:\/\/www.akella.org\/home\/wp-json\/wp\/v2\/media?parent=511"}],"curies":[{"name":"wp","href":"https:\/\/api.w.org\/{rel}","templated":true}]}}