{"id":514,"date":"2023-07-12T16:38:01","date_gmt":"2023-07-12T21:38:01","guid":{"rendered":"https:\/\/www.akella.org\/home\/?page_id=514"},"modified":"2023-07-12T16:38:01","modified_gmt":"2023-07-12T21:38:01","slug":"delightful-anklets-that-adorn-those-divine-ankles-sinjana-ma%e1%b9%87i-manjira-ma%e1%b9%87%e1%b8%8dita-sripadambuja","status":"publish","type":"page","link":"https:\/\/www.akella.org\/home\/in-praise-of-mother-lalitha\/delightful-anklets-that-adorn-those-divine-ankles-sinjana-ma%e1%b9%87i-manjira-ma%e1%b9%87%e1%b8%8dita-sripadambuja","title":{"rendered":"Delightful anklets that adorn those divine ankles (Si\u00f1j\u0101na-ma\u1e47i-ma\u00f1j\u012bra-ma\u1e47\u1e0dita-sr\u012bpad\u0101mbuj\u0101)"},"content":{"rendered":"\n<pre class=\"wp-block-verse\">\nOn the divine feet of Mother Lalitha, a spectacle sublime,\nReside anklets of precious gems, beyond the bounds of time.\nEmeralds, rubies, sapphires blue, each with a unique chime,\nEchoing in cosmos vast, their radiant dance divine.\n\nEach stone imbued with sacred might, a universe enclosed,\nReflects Her infinite power, in splendid hues composed.\nTheir brilliant gleam, a lighthouse bright, through darkness juxtaposed,\nReveals Her pr\u0101ka\u015ba vimar\u015ba mah\u0101 m\u0101y\u0101, majestically disclosed.\n\nFrom foot to anklet, anklet to gem, a sacred journey we tread,\nThe universe in Her footsteps, by divine Mother's grace, we're led.\nWhen just Her feet inspire awe, what of Her radiant head?\nA vision of Her might entire, to mere mortals, rarely spread.\n\nThe anklets sing of Her glory, a melodious cosmic verse,\nReminding us of Her presence, in every corner of the universe.\nAs they jingle softly, divine vibrations disperse,\nInvoking in us a profound reverence, our worldly illusions to reverse.\n\n-<em>Mani<\/em><\/pre>\n","protected":false},"excerpt":{"rendered":"<p>On the divine feet of Mother Lalitha, a spectacle sublime, Reside anklets of precious gems, beyond the bounds of time. Emeralds, rubies, sapphires blue, each with a unique chime, Echoing in cosmos vast, their radiant dance divine. Each stone imbued &hellip; <a href=\"https:\/\/www.akella.org\/home\/in-praise-of-mother-lalitha\/delightful-anklets-that-adorn-those-divine-ankles-sinjana-ma%e1%b9%87i-manjira-ma%e1%b9%87%e1%b8%8dita-sripadambuja\">Continue reading <span class=\"meta-nav\">&rarr;<\/span><\/a><\/p>\n","protected":false},"author":2,"featured_media":0,"parent":378,"menu_order":0,"comment_status":"closed","ping_status":"closed","template":"","meta":{"footnotes":""},"class_list":["post-514","page","type-page","status-publish","hentry"],"_links":{"self":[{"href":"https:\/\/www.akella.org\/home\/wp-json\/wp\/v2\/pages\/514","targetHints":{"allow":["GET"]}}],"collection":[{"href":"https:\/\/www.akella.org\/home\/wp-json\/wp\/v2\/pages"}],"about":[{"href":"https:\/\/www.akella.org\/home\/wp-json\/wp\/v2\/types\/page"}],"author":[{"embeddable":true,"href":"https:\/\/www.akella.org\/home\/wp-json\/wp\/v2\/users\/2"}],"replies":[{"embeddable":true,"href":"https:\/\/www.akella.org\/home\/wp-json\/wp\/v2\/comments?post=514"}],"version-history":[{"count":1,"href":"https:\/\/www.akella.org\/home\/wp-json\/wp\/v2\/pages\/514\/revisions"}],"predecessor-version":[{"id":516,"href":"https:\/\/www.akella.org\/home\/wp-json\/wp\/v2\/pages\/514\/revisions\/516"}],"up":[{"embeddable":true,"href":"https:\/\/www.akella.org\/home\/wp-json\/wp\/v2\/pages\/378"}],"wp:attachment":[{"href":"https:\/\/www.akella.org\/home\/wp-json\/wp\/v2\/media?parent=514"}],"curies":[{"name":"wp","href":"https:\/\/api.w.org\/{rel}","templated":true}]}}