{"id":517,"date":"2023-07-12T16:45:12","date_gmt":"2023-07-12T21:45:12","guid":{"rendered":"https:\/\/www.akella.org\/home\/?page_id=517"},"modified":"2023-07-12T16:45:12","modified_gmt":"2023-07-12T21:45:12","slug":"her-incomparable-gait-marali-manda-gamana","status":"publish","type":"page","link":"https:\/\/www.akella.org\/home\/in-praise-of-mother-lalitha\/her-incomparable-gait-marali-manda-gamana","title":{"rendered":"Her incomparable gait! (Mar\u0101l\u012b-manda-gaman\u0101)"},"content":{"rendered":"\n<pre class=\"wp-block-verse\">\nIn the realm where gods and goddesses reside,\nA celestial presence walks with ethereal pride.\nMother Lalitha, with grace unsurpassed,\nHer gait, a sight that leaves us searching for thought.\n\nLike a female swan, majestic and pure,\nHer steps glide softly, a beauty to endure.\nFrom the sacred kunda, she emerges bright,\nHer presence captivating, a mesmerizing sight.\n\nHer feet barely touch the ground as she goes,\nEach step a dance, a symphony in prose.\nIncomparable, her gait, beyond all compare,\nSuch is the essence of her divine flair.\n\nNo swan can match the grace she displays,\nAs she approaches, gods and goddesses gaze.\nHer movement, a ballet, a celestial choreography,\nAn enchanting spectacle, a celestial tapestry.\n\nHer stride is like a gentle breeze's caress,\nEffortlessly she traverses, leaving hearts sans all stress.\nWith each step, a thousand flowers bloom,\nHer presence casts away darkness, dispersing gloom.\n\nThough words may fall short to capture her grace,\nVisual comparisons strive to paint a trace,\nOf the indescribable elegance that she holds,\nA walking gait that mystifies and unfolds.\n\nMother Lalitha, the epitome of divine art,\nHer incomparable gait, a masterpiece of the heart.\nNo swan nor mortal can ever compare,\nTo the celestial splendor that she graciously wears.\n\n-<em>Mani<\/em><\/pre>\n","protected":false},"excerpt":{"rendered":"<p>In the realm where gods and goddesses reside, A celestial presence walks with ethereal pride. Mother Lalitha, with grace unsurpassed, Her gait, a sight that leaves us searching for thought. Like a female swan, majestic and pure, Her steps glide &hellip; <a href=\"https:\/\/www.akella.org\/home\/in-praise-of-mother-lalitha\/her-incomparable-gait-marali-manda-gamana\">Continue reading <span class=\"meta-nav\">&rarr;<\/span><\/a><\/p>\n","protected":false},"author":2,"featured_media":0,"parent":378,"menu_order":0,"comment_status":"closed","ping_status":"closed","template":"","meta":{"footnotes":""},"class_list":["post-517","page","type-page","status-publish","hentry"],"_links":{"self":[{"href":"https:\/\/www.akella.org\/home\/wp-json\/wp\/v2\/pages\/517","targetHints":{"allow":["GET"]}}],"collection":[{"href":"https:\/\/www.akella.org\/home\/wp-json\/wp\/v2\/pages"}],"about":[{"href":"https:\/\/www.akella.org\/home\/wp-json\/wp\/v2\/types\/page"}],"author":[{"embeddable":true,"href":"https:\/\/www.akella.org\/home\/wp-json\/wp\/v2\/users\/2"}],"replies":[{"embeddable":true,"href":"https:\/\/www.akella.org\/home\/wp-json\/wp\/v2\/comments?post=517"}],"version-history":[{"count":1,"href":"https:\/\/www.akella.org\/home\/wp-json\/wp\/v2\/pages\/517\/revisions"}],"predecessor-version":[{"id":518,"href":"https:\/\/www.akella.org\/home\/wp-json\/wp\/v2\/pages\/517\/revisions\/518"}],"up":[{"embeddable":true,"href":"https:\/\/www.akella.org\/home\/wp-json\/wp\/v2\/pages\/378"}],"wp:attachment":[{"href":"https:\/\/www.akella.org\/home\/wp-json\/wp\/v2\/media?parent=517"}],"curies":[{"name":"wp","href":"https:\/\/api.w.org\/{rel}","templated":true}]}}