{"id":548,"date":"2023-07-13T05:09:35","date_gmt":"2023-07-13T10:09:35","guid":{"rendered":"https:\/\/www.akella.org\/home\/?page_id=548"},"modified":"2023-07-13T05:09:35","modified_gmt":"2023-07-13T10:09:35","slug":"the-only-partner-of-siva-svadhina-vallabha","status":"publish","type":"page","link":"https:\/\/www.akella.org\/home\/in-praise-of-mother-lalitha\/the-only-partner-of-siva-svadhina-vallabha","title":{"rendered":"The only partner of Siva (Sv\u0101dh\u012bna-vallabh\u0101)"},"content":{"rendered":"\n<pre class=\"wp-block-verse\">In the realm of divine splendor,\nWhere celestial forces intertwine,\nLies the tale of Mother Lalitha,\nConsort of Siva, forever entwined.\n\nSiva, the mighty Lord of creation,\nWielder of cosmic power so vast,\nIn his desire and noble qualities,\nMother Lalitha's love he amassed.\n\nShe, the embodiment of divine Ichcha,\nHis desire personified in form,\nYet, she never succumbs to his sway,\nIn her dominion, she weathers the storm.\n\nFor Siva, in his wisdom profound,\nFashioned her to fulfill his role,\nShakti, the kinetic energy untamed,\nHis static energy, she does extol.\n\nAs the sole creation of mighty Siva,\nIt is said he belongs to her alone,\nTheir union the foundation of existence,\nInseparable, their essence is known.\n\nSiva, the cause of this wondrous cosmos,\nShakti, his power, radiant and true,\nIn their harmonious dance, life abounds,\nTheir union, the cosmic bond we pursue.\n\nSaundarya Lahari, the verses do affirm,\nWithout Shakti, Siva remains still,\nUnited, they stir the universe's rhythm,\nIn their embrace, creation fulfills.\n\nThis truth echoes beyond divine realms,\nWhere Brahman and soul converge,\nFor neither can stand alone in creation,\nTheir union, the cycle's sacred urge.\n\nJust as Siva cannot act without Shakti,\nHer essence vital to every move,\nSo too does the soul seek the Brahman,\nIn union, life's purpose does prove.\n\nMother Lalitha, the true consort,\nOwner of Siva, in love untold,\nTheir bond, a divine revelation,\nIn their embrace, eternity unfolds.\n\n-<em>Mani<\/em><\/pre>\n","protected":false},"excerpt":{"rendered":"<p>In the realm of divine splendor, Where celestial forces intertwine, Lies the tale of Mother Lalitha, Consort of Siva, forever entwined. Siva, the mighty Lord of creation, Wielder of cosmic power so vast, In his desire and noble qualities, Mother &hellip; <a href=\"https:\/\/www.akella.org\/home\/in-praise-of-mother-lalitha\/the-only-partner-of-siva-svadhina-vallabha\">Continue reading <span class=\"meta-nav\">&rarr;<\/span><\/a><\/p>\n","protected":false},"author":2,"featured_media":0,"parent":378,"menu_order":0,"comment_status":"closed","ping_status":"closed","template":"","meta":{"footnotes":""},"class_list":["post-548","page","type-page","status-publish","hentry"],"_links":{"self":[{"href":"https:\/\/www.akella.org\/home\/wp-json\/wp\/v2\/pages\/548","targetHints":{"allow":["GET"]}}],"collection":[{"href":"https:\/\/www.akella.org\/home\/wp-json\/wp\/v2\/pages"}],"about":[{"href":"https:\/\/www.akella.org\/home\/wp-json\/wp\/v2\/types\/page"}],"author":[{"embeddable":true,"href":"https:\/\/www.akella.org\/home\/wp-json\/wp\/v2\/users\/2"}],"replies":[{"embeddable":true,"href":"https:\/\/www.akella.org\/home\/wp-json\/wp\/v2\/comments?post=548"}],"version-history":[{"count":1,"href":"https:\/\/www.akella.org\/home\/wp-json\/wp\/v2\/pages\/548\/revisions"}],"predecessor-version":[{"id":549,"href":"https:\/\/www.akella.org\/home\/wp-json\/wp\/v2\/pages\/548\/revisions\/549"}],"up":[{"embeddable":true,"href":"https:\/\/www.akella.org\/home\/wp-json\/wp\/v2\/pages\/378"}],"wp:attachment":[{"href":"https:\/\/www.akella.org\/home\/wp-json\/wp\/v2\/media?parent=548"}],"curies":[{"name":"wp","href":"https:\/\/api.w.org\/{rel}","templated":true}]}}