{"id":588,"date":"2023-07-25T18:53:05","date_gmt":"2023-07-25T23:53:05","guid":{"rendered":"https:\/\/www.akella.org\/home\/?page_id=588"},"modified":"2023-07-25T18:53:06","modified_gmt":"2023-07-25T23:53:06","slug":"seated-on-a-seat-borne-by-the-five-brahmas-panca-brahmasana-sthita","status":"publish","type":"page","link":"https:\/\/www.akella.org\/home\/in-praise-of-mother-lalitha\/seated-on-a-seat-borne-by-the-five-brahmas-panca-brahmasana-sthita","title":{"rendered":"Seated on a seat borne by the Five Brahmas (Pa\u00f1ca-brahm\u0101sana-sthit\u0101)"},"content":{"rendered":"\n<pre class=\"wp-block-verse\">In the realm of divine grace, a throne divine,\nMother Lalitha, in majesty, does recline,\nHer seat a tapestry of mystic design,\nMade of elements, five, as verses align.\n\nBrahma, the creator, with wisdom profound,\nIs one of the Brahmans on which She's found,\nWith intellect vast, his role is renowned,\nSupporting the throne where Her grace is unbound.\n\nVi\u1e63\u1e47u, the preserver, whose love does endure,\nAs the second support, his devotion is true,\nNurturing life, in cycles anew,\nUpholding the throne, where Her light breaks through.\n\nRudra, the destroyer, fierce and intense,\nThe third of the Brahmans, in cosmic defense,\nWith power untamed, and might so immense,\nSustains the throne, in its cosmic suspense.\n\n\u012a\u015b\u0101na, the lord, transcendent and pure,\nThe fourth of the Brahmans, his presence secure,\nWith grace divine, his essence so sure,\nThe throne stands tall, by his energy pure.\n\nSad\u0101\u015biva, eternal, the fifth of the lot,\nThe seat of the throne, where She's sought,\nInfinite potential, where universes are wrought,\nHer highest authority, this truth unbegot.\n\nShiva, the many, in forms unconfined,\nMah\u0101deva, K\u0101me\u015bvara, all intertwined,\nEach act, a facet, of the cosmic mind,\nUnited they stand, the Mother enshrined.\n\nBut beyond the gods, in mystical embrace,\nThe interpretation unveils another space,\nThe five chakras profound, in the human grace,\nForming Her throne, in their rightful place.\n\nM\u016bl\u0101dh\u0101ra, the earth, foundation and root,\nSv\u0101dhi\u1e63\u1e6dh\u0101na, water's flow in pursuit,\nMa\u1e47ip\u016braka, fire's vigor and soot,\nAn\u0101hata, air's breath, in harmony's flute.\n\nVi\u015buddhi, ether, the space beyond sight,\nTogether they stand, in divine light,\nLeading the seeker, to heights so bright,\nTowards \u0101j\u00f1\u0101 cakra, where minds find insight.\n\nAnd beyond the crown, where divinity shines,\nThe union of Shiva and Shakti entwines,\nIn Her cosmic abode, where eternity aligns,\nMother Lalitha, the Supreme, forever defines.\n\n-<em>Mani<\/em>\n\n(in Telugu)\n\n\u0c36\u0c4d\u0c30\u0c40 \u0c32\u0c32\u0c3f\u0c24\u0c3e \u0c38\u0c40\u0c2e\u0c3e\u0c38\u0c28\u0c02 \u0c09\u0c28\u0c4d\u0c28\u0c26\u0c3f \u0c2e\u0c4c\u0c28 \u0c35\u0c3f\u0c1a\u0c3e\u0c30\u0c4d\u0c2f\u0c3e\u0c02,\r\n\u0c10\u0c26\u0c41 \u0c2c\u0c4d\u0c30\u0c39\u0c4d\u0c2e\u0c3e\u0c32 \u0c2e\u0c47\u0c30\u0c41\u0c35\u0c41\u0c32\u0c24\u0c4b \u0c05\u0c32\u0c02\u0c15\u0c30\u0c3f\u0c02\u0c1a\u0c3f\u0c28 \u0c35\u0c3f\u0c1a\u0c3e\u0c30\u0c4d\u0c2f\u0c3e\u0c02,\r\n\u0c2c\u0c4d\u0c30\u0c39\u0c4d\u0c2e, \u0c35\u0c3f\u0c37\u0c4d\u0c23\u0c41, \u0c30\u0c41\u0c26\u0c4d\u0c30, \u0c08\u0c36\u0c3e\u0c28, \u0c38\u0c26\u0c3e\u0c36\u0c3f\u0c35 \u0c06\u0c27\u0c3e\u0c30\u0c4d\u0c2f\u0c3e\u0c02,\r\n\u0c35\u0c4d\u0c2f\u0c4b\u0c2e \u0c1a\u0c48\u0c30\u0c35\u0c32\u0c4b \u0c35\u0c3f\u0c30\u0c3e\u0c1c\u0c3f\u0c02\u0c1a\u0c3f\u0c28 \u0c38\u0c26\u0c3e\u0c36\u0c3f\u0c35 \u0c2a\u0c3e\u0c26\u0c3e\u0c02\u0c15\u0c4d\u0c2f\u0c3e\u0c02.\r\n\r\n\u0c36\u0c3f\u0c35\u0c41\u0c28\u0c3f, \u0c2e\u0c39\u0c3e\u0c26\u0c47\u0c35\u0c41\u0c28\u0c3f, \u0c15\u0c3e\u0c2e\u0c47\u0c36\u0c4d\u0c35\u0c30\u0c41\u0c28\u0c3f \u0c28\u0c3e\u0c2e\u0c3e\u0c02\u0c24\u0c30\u0c3e\u0c32\u0c41 \u0c17\u0c3e\u0c28\u0c02,\r\n\u0c38\u0c43\u0c37\u0c4d\u0c1f\u0c3f \u0c38\u0c4d\u0c30\u0c37\u0c4d\u0c1f\u0c41\u0c28\u0c3f \u0c2e\u0c4a\u0c26\u0c32\u0c48\u0c28 \u0c06\u0c27\u0c3e\u0c30\u0c3e\u0c32\u0c41 \u0c17\u0c3e\u0c28\u0c02,\r\n\u0c10\u0c26\u0c41 \u0c2d\u0c4c\u0c24\u0c3f\u0c15 \u0c2e\u0c39\u0c3e\u0c2d\u0c42\u0c24\u0c3e\u0c32\u0c41 \u0c2e\u0c40\u0c26 \u0c06\u0c38\u0c28\u0c3e\u0c32\u0c41 \u0c17\u0c3e\u0c28\u0c02,\r\n\u0c32\u0c4b\u0c15 \u0c1c\u0c17\u0c24\u0c4d\u0c24\u0c41\u0c28\u0c4d\u0c28 \u0c38\u0c30\u0c4d\u0c35\u0c3e\u0c27\u0c3f\u0c15\u0c3e\u0c30\u0c3f \u0c28\u0c3e\u0c2e\u0c3e\u0c02\u0c24\u0c30\u0c3e\u0c32\u0c41 \u0c17\u0c3e\u0c28\u0c02.\r\n\r\n\u0c2e\u0c42\u0c32\u0c3e\u0c27\u0c3e\u0c30 \u0c1a\u0c15\u0c4d\u0c30\u0c02, \u0c2d\u0c42\u0c2e\u0c3f \u0c2d\u0c3e\u0c17\u0c2e\u0c41 \u0c2e\u0c4a\u0c26\u0c32\u0c48\u0c28\u0c26\u0c3f \u0c17\u0c3e\u0c28\u0c02,\r\n\u0c38\u0c4d\u0c35\u0c3e\u0c27\u0c3f\u0c37\u0c4d\u0c1f\u0c3e\u0c28 \u0c1a\u0c15\u0c4d\u0c30\u0c02, \u0c1c\u0c32 \u0c2d\u0c3e\u0c17\u0c2e\u0c41 \u0c2e\u0c4a\u0c26\u0c32\u0c48\u0c28\u0c26\u0c3f \u0c17\u0c3e\u0c28\u0c02,\r\n\u0c2e\u0c23\u0c3f\u0c2a\u0c42\u0c30\u0c15 \u0c1a\u0c15\u0c4d\u0c30\u0c02, \u0c1c\u0c4d\u0c35\u0c3e\u0c32\u0c3e \u0c2d\u0c3e\u0c17\u0c2e\u0c41 \u0c2e\u0c4a\u0c26\u0c32\u0c48\u0c28\u0c26\u0c3f \u0c17\u0c3e\u0c28\u0c02,\r\n\u0c05\u0c28\u0c3e\u0c39\u0c24 \u0c1a\u0c15\u0c4d\u0c30\u0c02, \u0c17\u0c3e\u0c32\u0c3f \u0c2d\u0c3e\u0c17\u0c2e\u0c41 \u0c2e\u0c4a\u0c26\u0c32\u0c48\u0c28\u0c26\u0c3f \u0c17\u0c3e\u0c28\u0c02,\r\n\u0c35\u0c3f\u0c36\u0c41\u0c26\u0c4d\u0c27\u0c3f \u0c1a\u0c15\u0c4d\u0c30\u0c02, \u0c06\u0c15\u0c3e\u0c36 \u0c2d\u0c3e\u0c17\u0c2e\u0c41 \u0c2e\u0c4a\u0c26\u0c32\u0c48\u0c28\u0c26\u0c3f \u0c17\u0c3e\u0c28\u0c02.\r\n\r\n\u0c05\u0c35\u0c3f\u0c26\u0c4d\u0c2f\u0c3e \u0c35\u0c3e\u0c30\u0c3f \u0c26\u0c4d\u0c35\u0c3e\u0c30\u0c3e \u0c2e\u0c40\u0c26 \u0c2e\u0c41\u0c02\u0c26\u0c41\u0c15\u0c41 \u0c35\u0c46\u0c33\u0c4d\u0c33\u0c3e\u0c32\u0c3f \u0c17\u0c3e\u0c28\u0c02,\r\n\u0c06\u0c24\u0c4d\u0c2e\u0c1c\u0c4d\u0c1e\u0c3e\u0c28\u0c02 \u0c26\u0c4d\u0c35\u0c3e\u0c30\u0c3e \u0c2e\u0c41\u0c02\u0c26\u0c41\u0c15\u0c41 \u0c35\u0c46\u0c33\u0c4d\u0c33\u0c3e\u0c32\u0c3f \u0c17\u0c3e\u0c28\u0c02,\r\n\u0c36\u0c3f\u0c35\u0c3e\u0c02\u0c17\u0c3e\u0c28\u0c41 \u0c2a\u0c42\u0c30\u0c4d\u0c35\u0c2a\u0c41 \u0c38\u0c2e\u0c30\u0c38\u0c2e\u0c41\u0c32\u0c4b \u0c2e\u0c41\u0c02\u0c26\u0c41\u0c15\u0c41 \u0c35\u0c46\u0c33\u0c4d\u0c33\u0c3e\u0c32\u0c3f \u0c17\u0c3e\u0c28\u0c02,\r\n\u0c05\u0c16\u0c3f\u0c32\u0c3e\u0c02\u0c17 \u0c36\u0c30\u0c40\u0c30\u0c2e\u0c41 \u0c2a\u0c42\u0c30\u0c4d\u0c35\u0c2a\u0c41 \u0c38\u0c2e\u0c30\u0c38\u0c2e\u0c41\u0c32\u0c4b \u0c2e\u0c41\u0c02\u0c26\u0c41\u0c15\u0c41 \u0c35\u0c46\u0c33\u0c4d\u0c33\u0c3e\u0c32\u0c3f \u0c17\u0c3e\u0c28\u0c02.\r\n\r\n\u0c09\u0c1a\u0c4d\u0c1a\u0c48\u0c03\u0c36\u0c4d\u0c30\u0c35\u0c3e \u0c05\u0c16\u0c3f\u0c32 \u0c1c\u0c17\u0c24\u0c4d\u0c24\u0c41\u0c32\u0c4d\u0c32\u0c4b \u0c36\u0c4d\u0c30\u0c40\u0c32\u0c32\u0c3f\u0c24\u0c3e \u0c35\u0c3f\u0c39\u0c3e\u0c30\u0c3f\u0c02\u0c1a\u0c3e\u0c32\u0c3f \u0c17\u0c3e\u0c28\u0c02,\r\n\u0c06\u0c26\u0c3f\u0c2a\u0c30\u0c3e\u0c36\u0c15\u0c4d\u0c24\u0c3f \u0c38\u0c2e\u0c47\u0c24\u0c41\u0c32\u0c24\u0c4b \u0c06\u0c24\u0c4d\u0c2e \u0c38\u0c02\u0c2f\u0c4b\u0c17\u0c02 \u0c35\u0c3f\u0c39\u0c3e\u0c30\u0c3f\u0c02\u0c1a\u0c3e\u0c32\u0c3f \u0c17\u0c3e\u0c28\u0c02.\r\n<\/pre>\n\n\n\n<figure class=\"wp-block-image size-full is-resized\"><a href=\"https:\/\/www.akella.org\/home\/wp-content\/image-1.png\"><img loading=\"lazy\" decoding=\"async\" src=\"https:\/\/www.akella.org\/home\/wp-content\/image-1.png\" alt=\"\" class=\"wp-image-589\" width=\"418\" height=\"499\" srcset=\"https:\/\/www.akella.org\/home\/wp-content\/image-1.png 834w, https:\/\/www.akella.org\/home\/wp-content\/image-1-251x300.png 251w, https:\/\/www.akella.org\/home\/wp-content\/image-1-768x917.png 768w\" sizes=\"auto, (max-width: 418px) 100vw, 418px\" \/><\/a><\/figure>\n","protected":false},"excerpt":{"rendered":"<p>In the realm of divine grace, a throne divine, Mother Lalitha, in majesty, does recline, Her seat a tapestry of mystic design, Made of elements, five, as verses align. Brahma, the creator, with wisdom profound, Is one of the Brahmans &hellip; <a href=\"https:\/\/www.akella.org\/home\/in-praise-of-mother-lalitha\/seated-on-a-seat-borne-by-the-five-brahmas-panca-brahmasana-sthita\">Continue reading <span class=\"meta-nav\">&rarr;<\/span><\/a><\/p>\n","protected":false},"author":2,"featured_media":0,"parent":378,"menu_order":0,"comment_status":"closed","ping_status":"closed","template":"","meta":{"footnotes":""},"class_list":["post-588","page","type-page","status-publish","hentry"],"_links":{"self":[{"href":"https:\/\/www.akella.org\/home\/wp-json\/wp\/v2\/pages\/588","targetHints":{"allow":["GET"]}}],"collection":[{"href":"https:\/\/www.akella.org\/home\/wp-json\/wp\/v2\/pages"}],"about":[{"href":"https:\/\/www.akella.org\/home\/wp-json\/wp\/v2\/types\/page"}],"author":[{"embeddable":true,"href":"https:\/\/www.akella.org\/home\/wp-json\/wp\/v2\/users\/2"}],"replies":[{"embeddable":true,"href":"https:\/\/www.akella.org\/home\/wp-json\/wp\/v2\/comments?post=588"}],"version-history":[{"count":1,"href":"https:\/\/www.akella.org\/home\/wp-json\/wp\/v2\/pages\/588\/revisions"}],"predecessor-version":[{"id":590,"href":"https:\/\/www.akella.org\/home\/wp-json\/wp\/v2\/pages\/588\/revisions\/590"}],"up":[{"embeddable":true,"href":"https:\/\/www.akella.org\/home\/wp-json\/wp\/v2\/pages\/378"}],"wp:attachment":[{"href":"https:\/\/www.akella.org\/home\/wp-json\/wp\/v2\/media?parent=588"}],"curies":[{"name":"wp","href":"https:\/\/api.w.org\/{rel}","templated":true}]}}