{"id":624,"date":"2023-07-31T13:26:28","date_gmt":"2023-07-31T18:26:28","guid":{"rendered":"https:\/\/www.akella.org\/home\/?page_id=624"},"modified":"2023-07-31T13:36:03","modified_gmt":"2023-07-31T18:36:03","slug":"the-granter-of-wishes-kamadayini","status":"publish","type":"page","link":"https:\/\/www.akella.org\/home\/in-praise-of-mother-lalitha\/the-granter-of-wishes-kamadayini","title":{"rendered":"The Granter of Wishes (K\u0101mad\u0101yin\u012b)"},"content":{"rendered":"\n<pre class=\"wp-block-verse\">Mother Lalitha, granter of wishes divine,\nK\u0101mad\u0101yin\u012b, fulfilling desires entwine,\nK\u0101me\u015bvara's form, through Her, we find.\n\nShe's the giver of all that's sought,\nWielding power, with love and thought,\nTo the supreme form, She leads, every soul, ever so soft.\n\nVeil of mystic grace, around Him flows,\nTo realize \u015aiva, this truth She bestows,\nOnly by Her will, the revelation shows.\n\nBrahma bestowed two names with awe,\nK\u0101m\u0101k\u1e63\u012b, K\u0101me\u015bvar\u012b, Her splendor saw,\nOmniscient, Her glance creates cosmic law.\n\nInheritance divine, \u015aiva belongs to She,\nObsession of love, binding eternally,\nHer vimar\u015ba form, revealing unity.\n\n-<em>Mani<\/em>\n\n(in Telugu)\n\n\n\u0c05\u0c2e\u0c4d\u0c2e \u0c32\u0c32\u0c3f\u0c24\u0c3e, \u0c07\u0c1a\u0c4d\u0c1b\u0c3e\u0c15\u0c30\u0c4d\u0c24\u0c4d\u0c30\u0c3f \u0c15\u0c3e\u0c2e\u0c26\u0c3e\u0c2f\u0c3f\u0c28\u0c40,\n\u0c05\u0c28\u0c4d\u0c28\u0c3f \u0c15\u0c4b\u0c30\u0c41\u0c15\u0c4a\u0c28\u0c4d\u0c28\u0c3f \u0c2a\u0c42\u0c30\u0c4d\u0c24\u0c3f\u0c02\u0c1a\u0c47, \u0c2e\u0c28\u0c38\u0c41\u0c32\u0c4b \u0c06\u0c36\u0c32\u0c41 \u0c15\u0c3e\u0c28\u0c40,\n\u0c15\u0c3e\u0c2e\u0c47\u0c36\u0c4d\u0c35\u0c30 \u0c30\u0c42\u0c2a\u0c02, \u0c2e\u0c3e\u0c24\u0c43 \u0c26\u0c4d\u0c35\u0c3e\u0c30\u0c3e \u0c2e\u0c3e\u0c30\u0c4d\u0c17\u0c02.\n\n\u0c36\u0c3f\u0c35\u0c41\u0c28\u0c3f \u0c28\u0c47\u0c24\u0c3f\u0c24\u0c4b \u0c15\u0c32\u0c3f\u0c17\u0c47 \u0c36\u0c15\u0c4d\u0c24\u0c3f\u0c30\u0c42\u0c2a\u0c41\u0c21\u0c41,\n\u0c36\u0c3f\u0c35\u0c41\u0c28\u0c3f\u0c15\u0c3f \u0c38\u0c3f\u0c26\u0c4d\u0c27\u0c3f \u0c1a\u0c46\u0c02\u0c26\u0c41\u0c24\u0c42 \u0c09\u0c02\u0c1f\u0c41\u0c02\u0c26\u0c41,\n\u0c28\u0c3f\u0c30\u0c4d\u0c17\u0c41\u0c23 \u0c2c\u0c4d\u0c30\u0c39\u0c4d\u0c2e\u0c2e\u0c41, \u0c38\u0c41\u0c2a\u0c4d\u0c30\u0c15\u0c3e\u0c36\u0c2e\u0c41\u0c28\u0c41 \u0c15\u0c3e\u0c02\u0c1a\u0c41\u0c15\u0c41\u0c02\u0c1f\u0c41\u0c02\u0c26\u0c3f.\n\n\u0c36\u0c3f\u0c35\u0c41\u0c28\u0c3f \u0c1a\u0c47\u0c24\u0c41\u0c32\u0c4b\u0c28\u0c41 \u0c35\u0c47\u0c38\u0c47 \u0c06\u0c35\u0c30\u0c23\u0c2e\u0c41,\n\u0c08 \u0c06\u0c35\u0c30\u0c23\u0c2e\u0c41 \u0c24\u0c4a\u0c32\u0c17\u0c3f\u0c02\u0c1a\u0c15\u0c42\u0c21\u0c26\u0c41 \u0c15\u0c4d\u0c30\u0c40\u0c21\u0c3f\u0c02\u0c1a\u0c3f,\n\u0c36\u0c3f\u0c35\u0c41\u0c28\u0c3f \u0c2e\u0c47\u0c32\u0c41 \u0c2d\u0c3e\u0c35\u0c3f\u0c02\u0c1a\u0c32\u0c47\u0c26\u0c41 \u0c35\u0c3f\u0c28\u0c3e\u0c15\u0c41\u0c02\u0c21\u0c3e.\n\n\u0c36\u0c3f\u0c35\u0c41\u0c28\u0c3f\u0c15\u0c3f \u0c35\u0c47\u0c30\u0c47\u0c35\u0c30\u0c41 \u0c05\u0c27\u0c3f\u0c15\u0c3e\u0c30\u0c2e\u0c41 \u0c15\u0c3e\u0c26\u0c41,\n\u0c15\u0c47\u0c35\u0c32\u0c02 \u0c06\u0c2e\u0c4b\u0c26\u0c2e\u0c41, \u0c2a\u0c4d\u0c30\u0c3f\u0c2f\u0c2e\u0c48\u0c28 \u0c2d\u0c3e\u0c35\u0c28\u0c32\u0c41,\n\u0c36\u0c3f\u0c35\u0c41\u0c28\u0c3f\u0c15\u0c3f \u0c1a\u0c47\u0c24\u0c41\u0c32\u0c4b\u0c28\u0c41 \u0c2a\u0c46\u0c1f\u0c4d\u0c1f\u0c3f\u0c02\u0c1a\u0c47\u0c35\u0c3f.\n\n<\/pre>\n\n\n\n<figure class=\"wp-block-image size-full is-resized\"><a href=\"https:\/\/www.akella.org\/home\/wp-content\/image-5.png\"><img loading=\"lazy\" decoding=\"async\" src=\"https:\/\/www.akella.org\/home\/wp-content\/image-5.png\" alt=\"\" class=\"wp-image-628\" width=\"305\" height=\"308\" srcset=\"https:\/\/www.akella.org\/home\/wp-content\/image-5.png 756w, https:\/\/www.akella.org\/home\/wp-content\/image-5-297x300.png 297w, https:\/\/www.akella.org\/home\/wp-content\/image-5-150x150.png 150w\" sizes=\"auto, (max-width: 305px) 100vw, 305px\" \/><\/a><\/figure>\n","protected":false},"excerpt":{"rendered":"<p>Mother Lalitha, granter of wishes divine, K\u0101mad\u0101yin\u012b, fulfilling desires entwine, K\u0101me\u015bvara&#8217;s form, through Her, we find. She&#8217;s the giver of all that&#8217;s sought, Wielding power, with love and thought, To the supreme form, She leads, every soul, ever so soft. &hellip; <a href=\"https:\/\/www.akella.org\/home\/in-praise-of-mother-lalitha\/the-granter-of-wishes-kamadayini\">Continue reading <span class=\"meta-nav\">&rarr;<\/span><\/a><\/p>\n","protected":false},"author":2,"featured_media":0,"parent":378,"menu_order":0,"comment_status":"closed","ping_status":"closed","template":"","meta":{"footnotes":""},"class_list":["post-624","page","type-page","status-publish","hentry"],"_links":{"self":[{"href":"https:\/\/www.akella.org\/home\/wp-json\/wp\/v2\/pages\/624","targetHints":{"allow":["GET"]}}],"collection":[{"href":"https:\/\/www.akella.org\/home\/wp-json\/wp\/v2\/pages"}],"about":[{"href":"https:\/\/www.akella.org\/home\/wp-json\/wp\/v2\/types\/page"}],"author":[{"embeddable":true,"href":"https:\/\/www.akella.org\/home\/wp-json\/wp\/v2\/users\/2"}],"replies":[{"embeddable":true,"href":"https:\/\/www.akella.org\/home\/wp-json\/wp\/v2\/comments?post=624"}],"version-history":[{"count":2,"href":"https:\/\/www.akella.org\/home\/wp-json\/wp\/v2\/pages\/624\/revisions"}],"predecessor-version":[{"id":630,"href":"https:\/\/www.akella.org\/home\/wp-json\/wp\/v2\/pages\/624\/revisions\/630"}],"up":[{"embeddable":true,"href":"https:\/\/www.akella.org\/home\/wp-json\/wp\/v2\/pages\/378"}],"wp:attachment":[{"href":"https:\/\/www.akella.org\/home\/wp-json\/wp\/v2\/media?parent=624"}],"curies":[{"name":"wp","href":"https:\/\/api.w.org\/{rel}","templated":true}]}}