{"id":644,"date":"2023-12-11T03:43:10","date_gmt":"2023-12-11T08:43:10","guid":{"rendered":"https:\/\/www.akella.org\/home\/?page_id=644"},"modified":"2025-06-18T16:19:28","modified_gmt":"2025-06-18T21:19:28","slug":"the-form-of-nirguna-brahman-prayed-to-by-devas-rsis-and-ganas-devar%e1%b9%a3i-ga%e1%b9%87a-sa%e1%b9%83ghata-stuyamanatma-vaibhava","status":"publish","type":"page","link":"https:\/\/www.akella.org\/home\/in-praise-of-mother-lalitha\/the-form-of-nirguna-brahman-prayed-to-by-devas-rsis-and-ganas-devar%e1%b9%a3i-ga%e1%b9%87a-sa%e1%b9%83ghata-stuyamanatma-vaibhava","title":{"rendered":"The form of Nirguna Brahman, prayed to by Devas, Rsis and Ganas (Devar\u1e63i-ga\u1e47a-sa\u1e43gh\u0101ta-st\u016byam\u0101n\u0101tma-vaibhav\u0101)"},"content":{"rendered":"\n<pre class=\"wp-block-verse\">In realms where silence is a sacred hymn,\nDevas, Rsis, Ganas seek Her Light, not dim,\nPraying to the Mother, Nirguna's prime form.\n\nGuidance they seek in Her boundless sway,\nThe unmanifest truth, in night and day,\nHer serene wisdom, the cosmic norm.\n\nEgos, shadowed in mortal guise,\nFind in Her grace, their truth and grow wise,\nAbsolution in her radiance, a transformative storm.\n\nThrough the dance of the cosmos, Her guidance flows,\nIn each prayer and plea, Her presence glows,\nMother of all, Nirguna's truest form.<\/pre>\n\n\n\n<p>&#8211;<em>Mani<\/em><\/p>\n","protected":false},"excerpt":{"rendered":"<p>In realms where silence is a sacred hymn, Devas, Rsis, Ganas seek Her Light, not dim, Praying to the Mother, Nirguna&#8217;s prime form. Guidance they seek in Her boundless sway, The unmanifest truth, in night and day, Her serene wisdom, &hellip; <a href=\"https:\/\/www.akella.org\/home\/in-praise-of-mother-lalitha\/the-form-of-nirguna-brahman-prayed-to-by-devas-rsis-and-ganas-devar%e1%b9%a3i-ga%e1%b9%87a-sa%e1%b9%83ghata-stuyamanatma-vaibhava\">Continue reading <span class=\"meta-nav\">&rarr;<\/span><\/a><\/p>\n","protected":false},"author":2,"featured_media":0,"parent":378,"menu_order":0,"comment_status":"closed","ping_status":"closed","template":"","meta":{"footnotes":""},"class_list":["post-644","page","type-page","status-publish","hentry"],"_links":{"self":[{"href":"https:\/\/www.akella.org\/home\/wp-json\/wp\/v2\/pages\/644","targetHints":{"allow":["GET"]}}],"collection":[{"href":"https:\/\/www.akella.org\/home\/wp-json\/wp\/v2\/pages"}],"about":[{"href":"https:\/\/www.akella.org\/home\/wp-json\/wp\/v2\/types\/page"}],"author":[{"embeddable":true,"href":"https:\/\/www.akella.org\/home\/wp-json\/wp\/v2\/users\/2"}],"replies":[{"embeddable":true,"href":"https:\/\/www.akella.org\/home\/wp-json\/wp\/v2\/comments?post=644"}],"version-history":[{"count":2,"href":"https:\/\/www.akella.org\/home\/wp-json\/wp\/v2\/pages\/644\/revisions"}],"predecessor-version":[{"id":650,"href":"https:\/\/www.akella.org\/home\/wp-json\/wp\/v2\/pages\/644\/revisions\/650"}],"up":[{"embeddable":true,"href":"https:\/\/www.akella.org\/home\/wp-json\/wp\/v2\/pages\/378"}],"wp:attachment":[{"href":"https:\/\/www.akella.org\/home\/wp-json\/wp\/v2\/media?parent=644"}],"curies":[{"name":"wp","href":"https:\/\/api.w.org\/{rel}","templated":true}]}}