{"id":655,"date":"2024-03-27T12:31:46","date_gmt":"2024-03-27T17:31:46","guid":{"rendered":"https:\/\/www.akella.org\/home\/?page_id=655"},"modified":"2024-03-27T13:09:41","modified_gmt":"2024-03-27T18:09:41","slug":"66-sampatkari-samaru%e1%b8%8dha-sindhura-vraja-sevita-%e0%a4%b8%e0%a4%ae%e0%a5%8d%e0%a4%aa%e0%a4%a4%e0%a5%8d%e0%a4%95%e0%a4%b0%e0%a5%80-%e0%a4%b8%e0%a4%ae%e0%a4%be%e0%a4%b0%e0%a5%82%e0%a4%a2","status":"publish","type":"page","link":"https:\/\/www.akella.org\/home\/in-praise-of-mother-lalitha\/66-sampatkari-samaru%e1%b8%8dha-sindhura-vraja-sevita-%e0%a4%b8%e0%a4%ae%e0%a5%8d%e0%a4%aa%e0%a4%a4%e0%a5%8d%e0%a4%95%e0%a4%b0%e0%a5%80-%e0%a4%b8%e0%a4%ae%e0%a4%be%e0%a4%b0%e0%a5%82%e0%a4%a2","title":{"rendered":"66) Sampatkari &#8211; The Vidya that grants all legitimate desires &#8211; Sampatkar\u012b-sam\u0101r\u016b\u1e0dha-sindhura-vraja-sevit\u0101 \u0938\u092e\u094d\u092a\u0924\u094d\u0915\u0930\u0940-\u0938\u092e\u093e\u0930\u0942\u0922-\u0938\u093f\u0928\u094d\u0927\u0941\u0930-\u0935\u094d\u0930\u091c-\u0938\u0947\u0935\u093f\u0924\u093e"},"content":{"rendered":"\n<pre class=\"wp-block-verse\">Beneath the grace of Mother's gaze so kind,\nWhere Sampatkar\u012b leads, in worship, elephants align,\nHer name, a beacon, through which truths we find.\n\nIn her sixty-sixth name, secrets deeply sown,\nA b\u012bj\u0101k\u015bar\u0101, in sacred texts, it's shown,\nKro\u1e41, the seed, where joy and power are grown.\n\nKa, ra, ma, a triad, with bindu crowned,\nBringing fame, force, comfort, without bound,\nChanting kro\u1e41 with the \u0101tma bija, in prosperity we're found.\n\nInitiated only by a guru, the \u0101tma b\u012bja's light,\nGuides the soul from darkness to spiritual height,\nIn its echo, desires and dreams ignite.\n\nThe triad of knowledge, knower, and known, unite,\nIn sukha-sampatkara, the soul's delight,\nAs The \u015aiva S\u016btra whispers - <em>\u015baktisandh\u0101ne \u015bar\u012bropatti\u1e25<\/em> - in \u015aakt\u012b's might.\n\n\u015aaktisandh\u0101ne, the pathway clear,\nNo favors sought, but through thoughts sincere,\nSpirituality's essence, in focus, we revere.\n\nLalita, meditated with the b\u012bj\u0101k\u015bar\u0101's call,\nBestows all desires, breaking ignorance's wall,\nElevating the soul, in liberation's thrall.\n\nHer name, a hymn, through which we ascend,\nSampatkar\u012b Vidy\u0101, on which hopes depend,\nIn Mother Lalitha, all paths beautifully blend.\n\n-<em>Mani<\/em>\n<\/pre>\n","protected":false},"excerpt":{"rendered":"<p>Beneath the grace of Mother&#8217;s gaze so kind, Where Sampatkar\u012b leads, in worship, elephants align, Her name, a beacon, through which truths we find. In her sixty-sixth name, secrets deeply sown, A b\u012bj\u0101k\u015bar\u0101, in sacred texts, it&#8217;s shown, Kro\u1e41, the &hellip; <a href=\"https:\/\/www.akella.org\/home\/in-praise-of-mother-lalitha\/66-sampatkari-samaru%e1%b8%8dha-sindhura-vraja-sevita-%e0%a4%b8%e0%a4%ae%e0%a5%8d%e0%a4%aa%e0%a4%a4%e0%a5%8d%e0%a4%95%e0%a4%b0%e0%a5%80-%e0%a4%b8%e0%a4%ae%e0%a4%be%e0%a4%b0%e0%a5%82%e0%a4%a2\">Continue reading <span class=\"meta-nav\">&rarr;<\/span><\/a><\/p>\n","protected":false},"author":2,"featured_media":0,"parent":378,"menu_order":0,"comment_status":"closed","ping_status":"closed","template":"","meta":{"footnotes":""},"class_list":["post-655","page","type-page","status-publish","hentry"],"_links":{"self":[{"href":"https:\/\/www.akella.org\/home\/wp-json\/wp\/v2\/pages\/655","targetHints":{"allow":["GET"]}}],"collection":[{"href":"https:\/\/www.akella.org\/home\/wp-json\/wp\/v2\/pages"}],"about":[{"href":"https:\/\/www.akella.org\/home\/wp-json\/wp\/v2\/types\/page"}],"author":[{"embeddable":true,"href":"https:\/\/www.akella.org\/home\/wp-json\/wp\/v2\/users\/2"}],"replies":[{"embeddable":true,"href":"https:\/\/www.akella.org\/home\/wp-json\/wp\/v2\/comments?post=655"}],"version-history":[{"count":2,"href":"https:\/\/www.akella.org\/home\/wp-json\/wp\/v2\/pages\/655\/revisions"}],"predecessor-version":[{"id":661,"href":"https:\/\/www.akella.org\/home\/wp-json\/wp\/v2\/pages\/655\/revisions\/661"}],"up":[{"embeddable":true,"href":"https:\/\/www.akella.org\/home\/wp-json\/wp\/v2\/pages\/378"}],"wp:attachment":[{"href":"https:\/\/www.akella.org\/home\/wp-json\/wp\/v2\/media?parent=655"}],"curies":[{"name":"wp","href":"https:\/\/api.w.org\/{rel}","templated":true}]}}