{"id":667,"date":"2024-03-28T19:01:29","date_gmt":"2024-03-29T00:01:29","guid":{"rendered":"https:\/\/www.akella.org\/home\/?page_id=667"},"modified":"2024-03-28T19:01:30","modified_gmt":"2024-03-29T00:01:30","slug":"68-riding-the-chariot-that-is-also-the-srichakra-resplendent-and-armed-with-all-the-weapons-knowledge-presents-cakraraja-ratharu%e1%b8%8dha-sarvayudha-pari%e1%b9%a3k%e1%b9%9bta-%e0%a4%9a%e0%a4%95","status":"publish","type":"page","link":"https:\/\/www.akella.org\/home\/in-praise-of-mother-lalitha\/68-riding-the-chariot-that-is-also-the-srichakra-resplendent-and-armed-with-all-the-weapons-knowledge-presents-cakraraja-ratharu%e1%b8%8dha-sarvayudha-pari%e1%b9%a3k%e1%b9%9bta-%e0%a4%9a%e0%a4%95","title":{"rendered":"68) Riding the Chariot that is also the SriChakra, resplendent and armed with all the weapons knowledge presents. [Cakrar\u0101ja-rath\u0101r\u016b\u1e0dha-sarv\u0101yudha-pari\u1e63k\u1e5bt\u0101 \u091a\u0915\u094d\u0930\u0930\u093e\u091c-\u0930\u0925\u093e\u0930\u0942\u0922-\u0938\u0930\u094d\u0935\u093e\u092f\u0941\u0927-\u092a\u0930\u093f\u0937\u094d\u0915\u0943\u0924\u093e ]"},"content":{"rendered":"\n<pre class=\"wp-block-verse\">In realms where silence whispers the divine,\nLalitha rides Cakrar\u0101ja, a design,\nWhere suddhavidy\u0101, the purest knowledge, does shine.\n\nNine tiers ascend, a cosmic spine,\nAdorned with weapons, they in sacred light do align,\nThe chariot of wisdom, in splendor, these does entwine.\n\nAccompanied by chariots two, a procession so fine,\nTogether they symbolize, a mystical sign,\nThe \u015ar\u012b Cakra, where all divine lines combine.\n\nForty-four triangles, a divine abode,\nWhere gods and goddesses fortyfour, with yoginis seventy-nine, in harmony reside,\n\u015aakt\u012b and \u015aiva cakras, where light is bestowed.\n\nThe six cakras, a journey's start,\nFoundation of being, of yogic art,\nControl and purity, from base to heart.\n\nEarth, to water, to fire, to air, and finally space,\nWith mind at \u0101j\u00f1a, the final grace,\nThrough suddhavidy\u0101, the elements embrace.\n\nSiddhis emerge, as mastery is found,\nIn cakras' awakening, the self is unbound,\nOneness with \u015aiva, in bliss, profound.\n\nM\u0101y\u0101 dissolves, the illusion's veil,\nIn pure knowledge's light, all quests pale,\nFor in \u015aiva's state, all distinctions fail.\n\nCakrar\u0101ja, the journey's mighty steed,\nThrough which the soul finds its highest creed,\nIn Lalitha's grace, to Brahman freed.\n\nIn this chariot's climb, a truth revealed,\nWhen mastery and mind in oneness are sealed,\nIn the universe's heart, our fate is healed.\n\n-<em>Mani<\/em><\/pre>\n","protected":false},"excerpt":{"rendered":"<p>In realms where silence whispers the divine, Lalitha rides Cakrar\u0101ja, a design, Where suddhavidy\u0101, the purest knowledge, does shine. Nine tiers ascend, a cosmic spine, Adorned with weapons, they in sacred light do align, The chariot of wisdom, in splendor, &hellip; <a href=\"https:\/\/www.akella.org\/home\/in-praise-of-mother-lalitha\/68-riding-the-chariot-that-is-also-the-srichakra-resplendent-and-armed-with-all-the-weapons-knowledge-presents-cakraraja-ratharu%e1%b8%8dha-sarvayudha-pari%e1%b9%a3k%e1%b9%9bta-%e0%a4%9a%e0%a4%95\">Continue reading <span class=\"meta-nav\">&rarr;<\/span><\/a><\/p>\n","protected":false},"author":2,"featured_media":0,"parent":378,"menu_order":0,"comment_status":"closed","ping_status":"closed","template":"","meta":{"footnotes":""},"class_list":["post-667","page","type-page","status-publish","hentry"],"_links":{"self":[{"href":"https:\/\/www.akella.org\/home\/wp-json\/wp\/v2\/pages\/667","targetHints":{"allow":["GET"]}}],"collection":[{"href":"https:\/\/www.akella.org\/home\/wp-json\/wp\/v2\/pages"}],"about":[{"href":"https:\/\/www.akella.org\/home\/wp-json\/wp\/v2\/types\/page"}],"author":[{"embeddable":true,"href":"https:\/\/www.akella.org\/home\/wp-json\/wp\/v2\/users\/2"}],"replies":[{"embeddable":true,"href":"https:\/\/www.akella.org\/home\/wp-json\/wp\/v2\/comments?post=667"}],"version-history":[{"count":1,"href":"https:\/\/www.akella.org\/home\/wp-json\/wp\/v2\/pages\/667\/revisions"}],"predecessor-version":[{"id":668,"href":"https:\/\/www.akella.org\/home\/wp-json\/wp\/v2\/pages\/667\/revisions\/668"}],"up":[{"embeddable":true,"href":"https:\/\/www.akella.org\/home\/wp-json\/wp\/v2\/pages\/378"}],"wp:attachment":[{"href":"https:\/\/www.akella.org\/home\/wp-json\/wp\/v2\/media?parent=667"}],"curies":[{"name":"wp","href":"https:\/\/api.w.org\/{rel}","templated":true}]}}