{"id":675,"date":"2024-03-28T20:51:59","date_gmt":"2024-03-29T01:51:59","guid":{"rendered":"https:\/\/www.akella.org\/home\/?page_id=675"},"modified":"2024-03-28T20:51:59","modified_gmt":"2024-03-29T01:51:59","slug":"70-the-chariot-of-mother-varahi-devi-kirichakra-ratha-kiricakra-ratharu%e1%b8%8dha-da%e1%b9%87%e1%b8%8da-natha-purask%e1%b9%9bta-%e0%a4%95%e0%a4%bf%e0%a4%b0%e0%a4%bf%e0%a4%9a%e0%a4%95%e0%a5%8d","status":"publish","type":"page","link":"https:\/\/www.akella.org\/home\/in-praise-of-mother-lalitha\/70-the-chariot-of-mother-varahi-devi-kirichakra-ratha-kiricakra-ratharu%e1%b8%8dha-da%e1%b9%87%e1%b8%8da-natha-purask%e1%b9%9bta-%e0%a4%95%e0%a4%bf%e0%a4%b0%e0%a4%bf%e0%a4%9a%e0%a4%95%e0%a5%8d","title":{"rendered":"70) The Chariot of Mother Varahi Devi &#8211; KiriChakra Ratha (Kiricakra-rath\u0101r\u016b\u1e0dha-da\u1e47\u1e0da-n\u0101th\u0101-purask\u1e5bt\u0101 \u0915\u093f\u0930\u093f\u091a\u0915\u094d\u0930-\u0930\u0925\u093e\u0930\u0942\u0922-\u0926\u0923\u094d\u0921-\u0928\u093e\u0925\u093e-\u092a\u0941\u0930\u0938\u094d\u0915\u0943\u0924\u093e"},"content":{"rendered":"\n<pre class=\"wp-block-verse\">Upon the realm where mysteries unfold,\nKiricakra ratha, a chariot to hold,\nV\u0101r\u0101h\u012b Devi, in form untold.\n\nWith face of boar, and staff in hold,\nDa\u1e47\u1e0dan\u0101th\u0101, fierce and bold,\nHer chariot's tale, through ages, told.\n\nKiri, the light, creation's birth,\nCycles of life, upon the Earth,\nYogi's journey, of immortal worth.\n\nBeyond the fear of, and beyond death,\nThe yogi rides, with steady breath,\nHis body a mere vesel, his soul the wealth.\n\nPleasure and pain, to him outside,\nIn \u015aiva's austere presence, he confides,\nHis \u0101tma pure, in Brahman resides.\n\nIn \u0101j\u00f1a's wheel, V\u0101r\u0101h\u012b's seat,\nWhere self and Supreme, in union meet,\nA stage of liberation, bliss replete.\n\nLalit\u0101, Mantrin\u012b, V\u0101r\u0101h\u012b's ride,\nIn chariots three, they coincide,\nA cosmic hierarchy, side by side.\n\nNo nearer to Lalitha Amma, without their grace,\nMantrin\u012b's governance, V\u0101r\u0101h\u012b's fierce face,\nTogether, they hold, the universe's pace.\n\nChariots as minds, in stages seen,\nFrom turmoil to calm, to states serene,\nIn their guidance, our spirits lean.\n\nThus, in n\u0101ma seventy's profound lore,\nV\u0101r\u0101h\u012b's chariot, truths explore,\nBeyond body's limits, to the divine shore.<\/pre>\n","protected":false},"excerpt":{"rendered":"<p>Upon the realm where mysteries unfold, Kiricakra ratha, a chariot to hold, V\u0101r\u0101h\u012b Devi, in form untold. With face of boar, and staff in hold, Da\u1e47\u1e0dan\u0101th\u0101, fierce and bold, Her chariot&#8217;s tale, through ages, told. Kiri, the light, creation&#8217;s birth, &hellip; <a href=\"https:\/\/www.akella.org\/home\/in-praise-of-mother-lalitha\/70-the-chariot-of-mother-varahi-devi-kirichakra-ratha-kiricakra-ratharu%e1%b8%8dha-da%e1%b9%87%e1%b8%8da-natha-purask%e1%b9%9bta-%e0%a4%95%e0%a4%bf%e0%a4%b0%e0%a4%bf%e0%a4%9a%e0%a4%95%e0%a5%8d\">Continue reading <span class=\"meta-nav\">&rarr;<\/span><\/a><\/p>\n","protected":false},"author":2,"featured_media":0,"parent":378,"menu_order":0,"comment_status":"closed","ping_status":"closed","template":"","meta":{"footnotes":""},"class_list":["post-675","page","type-page","status-publish","hentry"],"_links":{"self":[{"href":"https:\/\/www.akella.org\/home\/wp-json\/wp\/v2\/pages\/675","targetHints":{"allow":["GET"]}}],"collection":[{"href":"https:\/\/www.akella.org\/home\/wp-json\/wp\/v2\/pages"}],"about":[{"href":"https:\/\/www.akella.org\/home\/wp-json\/wp\/v2\/types\/page"}],"author":[{"embeddable":true,"href":"https:\/\/www.akella.org\/home\/wp-json\/wp\/v2\/users\/2"}],"replies":[{"embeddable":true,"href":"https:\/\/www.akella.org\/home\/wp-json\/wp\/v2\/comments?post=675"}],"version-history":[{"count":1,"href":"https:\/\/www.akella.org\/home\/wp-json\/wp\/v2\/pages\/675\/revisions"}],"predecessor-version":[{"id":676,"href":"https:\/\/www.akella.org\/home\/wp-json\/wp\/v2\/pages\/675\/revisions\/676"}],"up":[{"embeddable":true,"href":"https:\/\/www.akella.org\/home\/wp-json\/wp\/v2\/pages\/378"}],"wp:attachment":[{"href":"https:\/\/www.akella.org\/home\/wp-json\/wp\/v2\/media?parent=675"}],"curies":[{"name":"wp","href":"https:\/\/api.w.org\/{rel}","templated":true}]}}