{"id":678,"date":"2024-03-29T16:19:39","date_gmt":"2024-03-29T21:19:39","guid":{"rendered":"https:\/\/www.akella.org\/home\/?page_id=678"},"modified":"2024-03-29T16:34:23","modified_gmt":"2024-03-29T21:34:23","slug":"living-in-the-middle-of-the-fortress-of-fire-jvalamalinikak%e1%b9%a3ipta-vahniprakara-madhyaga-%e0%a4%9c%e0%a5%8d%e0%a4%b5%e0%a4%be%e0%a4%b2%e0%a4%be%e0%a4%ae%e0%a4%be%e0%a4%b2%e0%a4%bf","status":"publish","type":"page","link":"https:\/\/www.akella.org\/home\/in-praise-of-mother-lalitha\/living-in-the-middle-of-the-fortress-of-fire-jvalamalinikak%e1%b9%a3ipta-vahniprakara-madhyaga-%e0%a4%9c%e0%a5%8d%e0%a4%b5%e0%a4%be%e0%a4%b2%e0%a4%be%e0%a4%ae%e0%a4%be%e0%a4%b2%e0%a4%bf","title":{"rendered":"71) Living in the middle of the fortress of fire! Jv\u0101l\u0101m\u0101linik\u0101k\u1e63ipta-vahnipr\u0101k\u0101ra-madhyag\u0101\u00a0 \u091c\u094d\u0935\u093e\u0932\u093e\u092e\u093e\u0932\u093f\u0928\u093f\u0915\u093e\u0915\u094d\u0937\u093f\u092a\u094d\u0924-\u0935\u0939\u094d\u0928\u093f\u092a\u094d\u0930\u093e\u0915\u093e\u0930-\u092e\u0927\u094d\u092f\u0917\u093e"},"content":{"rendered":"\n<pre class=\"wp-block-verse\">\nIn the realm where flames dance high and bright,\nWhere the Goddess weaves her fiery might,\nJval\u0101m\u0101lini Nitya, in her fiery tower,\nCrafts a fortress on the Mother's request, a searing bower.\n\nMother Lalitha, in her resplendent grace,\nWithin this blaze finds her dwelling place,\nAmidst triangles of \u015ar\u012b Cakra's design,\nIn the heart of flames, her brilliance shines.\n\nThe J\u00f1\u0101ni, knower of Brahman's truth,\nIn the garland of fire finds his verity's root,\nWrapped in flames, his wisdom unfurls,\nAs he discerns the Brahman, the ultimate pearl.\n\nEncircled by the Vahnipr\u0101k\u0101ra, engulfed in fiery glow,\nHe witnesses life's ebb and flow,\nLike sparks from flames, fleeting and fast,\nYet the fire of Brahman eternally lasts.\n\nIn the dance of creation, sustenance, and end,\nMother Lalitha's essence does transcend,\nWitnessing all, yet untouched by strife,\nIn the heart of fire, she embodies life.\n\nIn pursuit of wisdom's sacred light,\nThe J\u00f1\u0101ni traverses paths, both dark and bright,\nThrough j\u00f1\u0101na or bhakti's winding ways,\nTowards Brahman's truth, his spirit stays.\n\nIn the realm of fire, where shadows fade,\nLalitai's wisdom is endlessly displayed,\nAnd within the flames of truth's pure glow,\nJval\u0101m\u0101lini's fortress, divine truths bestow.\n\n-<em>Mani<\/em><\/pre>\n","protected":false},"excerpt":{"rendered":"<p>In the realm where flames dance high and bright, Where the Goddess weaves her fiery might, Jval\u0101m\u0101lini Nitya, in her fiery tower, Crafts a fortress on the Mother&#8217;s request, a searing bower. Mother Lalitha, in her resplendent grace, Within this &hellip; <a href=\"https:\/\/www.akella.org\/home\/in-praise-of-mother-lalitha\/living-in-the-middle-of-the-fortress-of-fire-jvalamalinikak%e1%b9%a3ipta-vahniprakara-madhyaga-%e0%a4%9c%e0%a5%8d%e0%a4%b5%e0%a4%be%e0%a4%b2%e0%a4%be%e0%a4%ae%e0%a4%be%e0%a4%b2%e0%a4%bf\">Continue reading <span class=\"meta-nav\">&rarr;<\/span><\/a><\/p>\n","protected":false},"author":2,"featured_media":0,"parent":378,"menu_order":0,"comment_status":"closed","ping_status":"closed","template":"","meta":{"footnotes":""},"class_list":["post-678","page","type-page","status-publish","hentry"],"_links":{"self":[{"href":"https:\/\/www.akella.org\/home\/wp-json\/wp\/v2\/pages\/678","targetHints":{"allow":["GET"]}}],"collection":[{"href":"https:\/\/www.akella.org\/home\/wp-json\/wp\/v2\/pages"}],"about":[{"href":"https:\/\/www.akella.org\/home\/wp-json\/wp\/v2\/types\/page"}],"author":[{"embeddable":true,"href":"https:\/\/www.akella.org\/home\/wp-json\/wp\/v2\/users\/2"}],"replies":[{"embeddable":true,"href":"https:\/\/www.akella.org\/home\/wp-json\/wp\/v2\/comments?post=678"}],"version-history":[{"count":2,"href":"https:\/\/www.akella.org\/home\/wp-json\/wp\/v2\/pages\/678\/revisions"}],"predecessor-version":[{"id":683,"href":"https:\/\/www.akella.org\/home\/wp-json\/wp\/v2\/pages\/678\/revisions\/683"}],"up":[{"embeddable":true,"href":"https:\/\/www.akella.org\/home\/wp-json\/wp\/v2\/pages\/378"}],"wp:attachment":[{"href":"https:\/\/www.akella.org\/home\/wp-json\/wp\/v2\/media?parent=678"}],"curies":[{"name":"wp","href":"https:\/\/api.w.org\/{rel}","templated":true}]}}