{"id":697,"date":"2024-04-03T18:02:03","date_gmt":"2024-04-03T23:02:03","guid":{"rendered":"https:\/\/www.akella.org\/home\/?page_id=697"},"modified":"2024-04-03T18:02:03","modified_gmt":"2024-04-03T23:02:03","slug":"verse-2-of-dhyana-slokam","status":"publish","type":"page","link":"https:\/\/www.akella.org\/home\/in-praise-of-mother-lalitha\/verse-2-of-dhyana-slokam","title":{"rendered":"Verse 2 of Dhyana Slokam"},"content":{"rendered":"\n<p>aru\u1e47\u0101\u1e43karu\u1e47\u0101-tara\u1e43git\u0101k\u1e63\u012b\u1e43 dh\u1e5bta-p\u0101\u015b\u0101\u1e45ku\u015ba-pu\u1e63pa-b\u0101\u1e47a-c\u0101p\u0101m|<br>a\u1e47im\u0101dibir\u0101v\u1e5bt\u0101m may\u016bkhai-rahamityeva vibh\u0101vaye bhav\u0101n\u012bm||<\/p>\n\n\n\n<p>\u0905\u0930\u0941\u0923\u093e\u0902 \u0915\u0930\u0941\u0923\u093e-\u0924\u0930\u0902\u0917\u093f\u0924\u093e\u0915\u094d\u0937\u0940\u0902 \u0927\u0943\u0924-\u092a\u093e\u0936\u093e\u0902\u0915\u0941\u0936-\u092a\u0941\u0937\u094d\u092a-\u092c\u093e\u0923-\u091a\u093e\u092a\u093e\u092e\u094d\u0964<br>\u0905\u0923\u093f\u092e\u093e\u0926\u093f\u092c\u093f\u0930\u093e\u0935\u0943\u0924\u093e\u092e\u094d \u092e\u092f\u0942\u0916\u0948-\u0930\u0939\u092e\u093f\u0924\u094d\u092f\u0947\u0935 \u0935\u093f\u092d\u093e\u0935\u092f\u0947 \u092d\u0935\u093e\u0928\u0940\u092e\u094d\u0965<\/p>\n\n\n\n<p>As dawn breaks, Lalitha&#8217;s form does glow,<br>A rising sun that warms the heart with its golden light.<br>Sinduraruna, her radiance, a divine flow,<br>Awakening souls to the kundalini&#8217;s call, a gentle sight.<br>Ignorance dispelled in her warm, crimson light&#8217;s show,<\/p>\n\n\n\n<p>Beneath the dawn&#8217;s embracing glow, Her form in radiant red does show,<br>Waves of mercy from Her gaze, in endless tides that soothe and amaze.<br>With noose and goad in hands held high, She rules the realms of earth and sky,<br>Her sugarcane bow, floral arrows in grasp, symbols of love that forever last.<br>Around Her, siddhis&#8217; divine embrace, in light&#8217;s array, Her grace we trace.<\/p>\n\n\n\n<p>Her eyes, like dawn, spill kindness vast, a radiant sun that shadows cast.<br>From depths profound, compassion flows, in gentle waves that ceaseless grow.<br>In Her gaze, a world is found, where love and mercy do abound.<br>She stands, a beacon of hope and care, Her light, a guide through despair&#8217;s snare.<br>In every look, a promise made, beneath Her gaze, all fears do fade.<\/p>\n\n\n\n<p>With tools of power, She carves Her path, a noose and goad dispelling wrath.<br>The noose to bind the pains that yearn, the goad to guide, help us learn.<br>Her hands, a testament to Her might, in gentle hold, bring wrongs to right.<br>With weapons forged from love, not fear, She conquers all that dare draw near.<br>In Her strength, a softness lies, through Her power, compassion flies.<\/p>\n\n\n\n<p>A bow of sugar, arrows sweet, Her arsenal of love complete.<br>With every shot, a heart is won, through acts of kindness, softly spun.<br>Her arrows, blossoms of the purest form, in flights of beauty, hearts they warm.<br>This gentle warrior, in love&#8217;s name fights, against the dark, restoring lights.<br>In Her embrace, the world does bow, to the power of Her sugarcane bow.<\/p>\n\n\n\n<p>Surrounded by the siddhis eight, Her divine circle, grand and great.<br>Each a beacon of Her might, in Her presence, hearts alight.<br>Her form, enveloped in their glow, a testament to the power they show.<br>In this circle of divine, Her essence truly does shine.<br>Bhav\u0101n\u012b, in supreme blight, with light&#8217;s beams, our souls kiss.<\/p>\n","protected":false},"excerpt":{"rendered":"<p>aru\u1e47\u0101\u1e43karu\u1e47\u0101-tara\u1e43git\u0101k\u1e63\u012b\u1e43 dh\u1e5bta-p\u0101\u015b\u0101\u1e45ku\u015ba-pu\u1e63pa-b\u0101\u1e47a-c\u0101p\u0101m|a\u1e47im\u0101dibir\u0101v\u1e5bt\u0101m may\u016bkhai-rahamityeva vibh\u0101vaye bhav\u0101n\u012bm|| \u0905\u0930\u0941\u0923\u093e\u0902 \u0915\u0930\u0941\u0923\u093e-\u0924\u0930\u0902\u0917\u093f\u0924\u093e\u0915\u094d\u0937\u0940\u0902 \u0927\u0943\u0924-\u092a\u093e\u0936\u093e\u0902\u0915\u0941\u0936-\u092a\u0941\u0937\u094d\u092a-\u092c\u093e\u0923-\u091a\u093e\u092a\u093e\u092e\u094d\u0964\u0905\u0923\u093f\u092e\u093e\u0926\u093f\u092c\u093f\u0930\u093e\u0935\u0943\u0924\u093e\u092e\u094d \u092e\u092f\u0942\u0916\u0948-\u0930\u0939\u092e\u093f\u0924\u094d\u092f\u0947\u0935 \u0935\u093f\u092d\u093e\u0935\u092f\u0947 \u092d\u0935\u093e\u0928\u0940\u092e\u094d\u0965 As dawn breaks, Lalitha&#8217;s form does glow,A rising sun that warms the heart with its golden light.Sinduraruna, her radiance, a divine flow,Awakening souls to the kundalini&#8217;s call, a gentle &hellip; <a href=\"https:\/\/www.akella.org\/home\/in-praise-of-mother-lalitha\/verse-2-of-dhyana-slokam\">Continue reading <span class=\"meta-nav\">&rarr;<\/span><\/a><\/p>\n","protected":false},"author":2,"featured_media":0,"parent":378,"menu_order":0,"comment_status":"closed","ping_status":"closed","template":"","meta":{"footnotes":""},"class_list":["post-697","page","type-page","status-publish","hentry"],"_links":{"self":[{"href":"https:\/\/www.akella.org\/home\/wp-json\/wp\/v2\/pages\/697","targetHints":{"allow":["GET"]}}],"collection":[{"href":"https:\/\/www.akella.org\/home\/wp-json\/wp\/v2\/pages"}],"about":[{"href":"https:\/\/www.akella.org\/home\/wp-json\/wp\/v2\/types\/page"}],"author":[{"embeddable":true,"href":"https:\/\/www.akella.org\/home\/wp-json\/wp\/v2\/users\/2"}],"replies":[{"embeddable":true,"href":"https:\/\/www.akella.org\/home\/wp-json\/wp\/v2\/comments?post=697"}],"version-history":[{"count":1,"href":"https:\/\/www.akella.org\/home\/wp-json\/wp\/v2\/pages\/697\/revisions"}],"predecessor-version":[{"id":698,"href":"https:\/\/www.akella.org\/home\/wp-json\/wp\/v2\/pages\/697\/revisions\/698"}],"up":[{"embeddable":true,"href":"https:\/\/www.akella.org\/home\/wp-json\/wp\/v2\/pages\/378"}],"wp:attachment":[{"href":"https:\/\/www.akella.org\/home\/wp-json\/wp\/v2\/media?parent=697"}],"curies":[{"name":"wp","href":"https:\/\/api.w.org\/{rel}","templated":true}]}}