{"id":701,"date":"2024-04-03T18:14:50","date_gmt":"2024-04-03T23:14:50","guid":{"rendered":"https:\/\/www.akella.org\/home\/?page_id=701"},"modified":"2024-04-03T18:14:51","modified_gmt":"2024-04-03T23:14:51","slug":"73-destroyer-of-duality-remover-of-the-veil-of-ignorance-otherwise-called-maya-nitya-parakrama%e1%b9%adopa-nirik%e1%b9%a3a%e1%b9%87a-samutsuka-%e0%a4%a8%e0%a4%bf%e0%a4%a4%e0%a5%8d%e0%a4%af","status":"publish","type":"page","link":"https:\/\/www.akella.org\/home\/in-praise-of-mother-lalitha\/73-destroyer-of-duality-remover-of-the-veil-of-ignorance-otherwise-called-maya-nitya-parakrama%e1%b9%adopa-nirik%e1%b9%a3a%e1%b9%87a-samutsuka-%e0%a4%a8%e0%a4%bf%e0%a4%a4%e0%a5%8d%e0%a4%af","title":{"rendered":"73) Destroyer of Duality &#8211; Remover of the veil of ignorance (otherwise called Maya) &#8211; Nity\u0101-p\u0101r\u0101kram\u0101\u1e6dopa-nir\u012bk\u1e63a\u1e47a-samutsuk\u0101   \u0928\u093f\u0924\u094d\u092f\u093e-\u092a\u093e\u0930\u093e\u0915\u094d\u0930\u092e\u093e\u091f\u094b\u092a-\u0928\u093f\u0930\u0940\u0915\u094d\u0937\u0923-\u0938\u092e\u0941\u0924\u094d\u0938\u0941\u0915\u093e"},"content":{"rendered":"\n<pre class=\"wp-block-verse\">In the realm where silence speaks, beyond the veil of Maya's peaks,<br>Lies the essence pure and bright, a realm beyond the grasp of night.<br>Nity\u0101's gaze, eternal, keen, on paths where duality has never been,<br>Her eyes, the guardians of the way, where light and truth forever stay.<br><br>She watches over the journey vast, where shadows of ignorance are cast,<br>With valor that time cannot wear, She stands vigilant, eternally there.<br>Her gaze pierces through illusion's guise, revealing truths to seeking eyes,<br>In Her watch, no falsehoods bide, under Her gaze, shadows subside.<br><br>The spiritual ascent, a climb so steep, where slopes are rugged and valleys deep,<br>Yet, Her vision guides the soul's flight, from dense darkness to realms of light.<br>Each step forward, marked by Her eyes, makes the seeker wise, yet wise,<br>For Nity\u0101's watch ensures no fall, elevates the soul beyond Maya's wall.<br><br>In Her presence, progress shines, a path lit by divine signs.<br>Not easily lost, once grace is found, on sacred ground, the soul is bound.<br>For Nity\u0101's gaze, a safeguard true, keeps the essence in view,<br>Ensuring the journey, once begun, leads onwards, towards the radiant sun.<br><br>Yet in exceptional moments rare, when caution's lost to despair,<br>The path may waver, the journey stall, under Her gaze, She sees it all.<br>But with compassion, She guides anew, to the way that's right and true,<br>Her eternal vigilance, the seeker's boon, beneath the sun, and beneath the moon.<br><br>This secretive meaning, profound and deep, a promise She eternally keeps,<br>To watch, to guard, to guide, to know, through Her, the true paths show.<br>Her courage, a beacon for souls so brave, seeking liberation, the ultimate crave,<br>Nity\u0101's gaze, unwavering, steadfast, ensures the spirit's home at last.<br><br>So in Her name, the truth we find, an eternal strength, divinely kind.<br>Nity\u0101-p\u0101r\u0101kram\u0101, Her name, a testament to the spiritual flame.<br>With every glance, She stirs the heart, to embrace the truth, and never part,<br>In Her eternal watch, souls awake, to the journey they are destined to make.<br><br>-<em>Mani<\/em><\/pre>\n","protected":false},"excerpt":{"rendered":"<p>In the realm where silence speaks, beyond the veil of Maya&#8217;s peaks,Lies the essence pure and bright, a realm beyond the grasp of night.Nity\u0101&#8217;s gaze, eternal, keen, on paths where duality has never been,Her eyes, the guardians of the way, &hellip; <a href=\"https:\/\/www.akella.org\/home\/in-praise-of-mother-lalitha\/73-destroyer-of-duality-remover-of-the-veil-of-ignorance-otherwise-called-maya-nitya-parakrama%e1%b9%adopa-nirik%e1%b9%a3a%e1%b9%87a-samutsuka-%e0%a4%a8%e0%a4%bf%e0%a4%a4%e0%a5%8d%e0%a4%af\">Continue reading <span class=\"meta-nav\">&rarr;<\/span><\/a><\/p>\n","protected":false},"author":2,"featured_media":0,"parent":378,"menu_order":0,"comment_status":"closed","ping_status":"closed","template":"","meta":{"footnotes":""},"class_list":["post-701","page","type-page","status-publish","hentry"],"_links":{"self":[{"href":"https:\/\/www.akella.org\/home\/wp-json\/wp\/v2\/pages\/701","targetHints":{"allow":["GET"]}}],"collection":[{"href":"https:\/\/www.akella.org\/home\/wp-json\/wp\/v2\/pages"}],"about":[{"href":"https:\/\/www.akella.org\/home\/wp-json\/wp\/v2\/types\/page"}],"author":[{"embeddable":true,"href":"https:\/\/www.akella.org\/home\/wp-json\/wp\/v2\/users\/2"}],"replies":[{"embeddable":true,"href":"https:\/\/www.akella.org\/home\/wp-json\/wp\/v2\/comments?post=701"}],"version-history":[{"count":1,"href":"https:\/\/www.akella.org\/home\/wp-json\/wp\/v2\/pages\/701\/revisions"}],"predecessor-version":[{"id":702,"href":"https:\/\/www.akella.org\/home\/wp-json\/wp\/v2\/pages\/701\/revisions\/702"}],"up":[{"embeddable":true,"href":"https:\/\/www.akella.org\/home\/wp-json\/wp\/v2\/pages\/378"}],"wp:attachment":[{"href":"https:\/\/www.akella.org\/home\/wp-json\/wp\/v2\/media?parent=701"}],"curies":[{"name":"wp","href":"https:\/\/api.w.org\/{rel}","templated":true}]}}