{"id":709,"date":"2024-04-04T11:37:17","date_gmt":"2024-04-04T16:37:17","guid":{"rendered":"https:\/\/www.akella.org\/home\/?page_id=709"},"modified":"2024-04-04T11:37:19","modified_gmt":"2024-04-04T16:37:19","slug":"74bala-the-child-provider-of-control-over-the-tattvas-bha%e1%b9%87%e1%b8%8daputra-vadhodyukta-bala-vikrama-nandita-%e0%a4%ad%e0%a4%a3%e0%a5%8d%e0%a4%a1%e0%a4%aa%e0%a5%81%e0%a4%a4%e0%a5%8d","status":"publish","type":"page","link":"https:\/\/www.akella.org\/home\/in-praise-of-mother-lalitha\/74bala-the-child-provider-of-control-over-the-tattvas-bha%e1%b9%87%e1%b8%8daputra-vadhodyukta-bala-vikrama-nandita-%e0%a4%ad%e0%a4%a3%e0%a5%8d%e0%a4%a1%e0%a4%aa%e0%a5%81%e0%a4%a4%e0%a5%8d","title":{"rendered":"74)Bala &#8211; the Child &#8211; provider of control over the Tattvas   &#8211;   Bha\u1e47\u1e0daputra-vadhodyukta-b\u0101l\u0101-vikrama-nandit\u0101 \u092d\u0923\u094d\u0921\u092a\u0941\u0924\u094d\u0930-\u0935\u0927\u094b\u0926\u094d\u092f\u0941\u0915\u094d\u0924-\u092c\u093e\u0932\u093e-\u0935\u093f\u0915\u094d\u0930\u092e-\u0928\u0928\u094d\u0926\u093f\u0924\u093e"},"content":{"rendered":"\n<pre class=\"wp-block-verse\"><br>In youthful zest, she takes her stand, a warrior child, divine,<br>Against the sons of darkness, her courage does outshine.<br>B\u0101l\u0101, fierce and undeterred, her victory lights the skies.<br><br>Advised by her mother, yet to battle, she flies,<br>Defying fears, with valor clear, she cuts the ties that bind.<br>Thirty foes of shadow, by her hand, their end they find.<br><br>In the chant of B\u0101l\u0101\u2019s name, a secret power lies,<br>With herbs of old, the sages bold, unlock the skies.<br>Her mantra a key, to realms beyond, where true power resides.<br><br>An extension of the Divine Mother, in B\u0101l\u0101's form, she guides,<br>Through gross and subtle realms, where her strength abides.<br>A link in the chain of cosmic might, B\u0101l\u0101's role, none can deride.<br><br>Annap\u016brna and A\u015bv\u0101r\u016bd\u0101, in their places, right,<br>Support the cosmic battle, in the endless fight.<br>B\u0101l\u0101, the heart, the essence pure, in Lalit\u0101\u2019s light.<br><br>The tattvas, obstacles vast, in life's unending quest,<br>Represent the hurdles, on the path to realization's crest.<br>It\u2019s B\u0101l\u0101\u2019s grace, that clears the space, for the soul's eternal rest.<\/pre>\n\n\n\n<p>The 36 Tattvas <\/p>\n\n\n\n<figure class=\"wp-block-table\"><table><tbody><tr><td colspan=\"7\">Atattva &#8211; ParaSiva or formless absolute Brahman who is beyond all the tattvas, symbolized by sivalinga, experienced in the state of samadhi<\/td><\/tr><tr><td rowspan=\"8\">1<\/td><td colspan=\"4\" rowspan=\"8\">Siva (Chit)<\/td><td colspan=\"2\">1- 5 are Iswara-tattvas. They belong to the pure worlds.<\/td><\/tr><tr><td colspan=\"2\">&nbsp;<\/td><\/tr><tr><td colspan=\"2\">6-10 are Shakti-tattvas.<\/td><\/tr><tr><td colspan=\"2\">&nbsp;<\/td><\/tr><tr><td colspan=\"2\">11-16 are recognized as atma-tattvas .<\/td><\/tr><tr><td colspan=\"2\">&nbsp;<\/td><\/tr><tr><td colspan=\"2\">17 &#8211; 36 are prakriti-tattvas. Through them Prakriti manifests gross bodies, organs, senses, sense-objects and other things of gross material.<\/td><\/tr><tr><td colspan=\"2\">&nbsp;<\/td><\/tr><tr><td rowspan=\"6\">2<\/td><td colspan=\"4\" rowspan=\"6\">Shakti (Kriya)<\/td><td>Shakti-tattva is again subdivided into following five<\/td><td>&nbsp;<\/td><\/tr><tr><td>6<\/td><td>Kaala (time)<\/td><\/tr><tr><td>7<\/td><td>Niyati (space)<\/td><\/tr><tr><td>8<\/td><td>Vidya (material knowledge)<\/td><\/tr><tr><td>9<\/td><td>Raga (passion)<\/td><\/tr><tr><td>10<\/td><td>Kala (power)<\/td><\/tr><tr><td>3<\/td><td colspan=\"4\">Sadasiva (Jnana and Kriya)<\/td><td>&nbsp;<\/td><td>&nbsp;<\/td><\/tr><tr><td>4<\/td><td colspan=\"4\">Iswara (Jnana and Kriya)<\/td><td>&nbsp;<\/td><td>&nbsp;<\/td><\/tr><tr><td>5<\/td><td colspan=\"4\">Sudda-Vidya (Jnana and Kriya)<\/td><td>&nbsp;<\/td><td>&nbsp;<\/td><\/tr><tr><td>11<\/td><td colspan=\"4\">Maya<\/td><td colspan=\"2\">These are atma tattvas. The atma-tattvas (11-15) and the prakriti tattvas (17-36) manifest themselves in the jivas as their physical, mental and subtle bodies. The five shakti tattvas (1-5) veil the five Siva-tattvas (6-10) which give rise to limitations of experience and awareness. Atma-tattvas perpetuates these limitations till the jivas are liberated.<\/td><\/tr><tr><td>12<\/td><td colspan=\"4\">Purusha<\/td><td>&nbsp;<\/td><td>&nbsp;<\/td><\/tr><tr><td>13<\/td><td colspan=\"4\">Buddhi (wisdom)<\/td><td>&nbsp;<\/td><td>&nbsp;<\/td><\/tr><tr><td>14<\/td><td colspan=\"4\">Ahamkara (ego)<\/td><td>&nbsp;<\/td><td>&nbsp;<\/td><\/tr><tr><td>15<\/td><td colspan=\"4\">Manas<\/td><td>&nbsp;<\/td><td>&nbsp;<\/td><\/tr><tr><td>16<\/td><td colspan=\"4\">Prakriti<\/td><td>&nbsp;<\/td><td>&nbsp;<\/td><\/tr><tr><td rowspan=\"25\">17-36<\/td><td>Prakriti-tattva is again subdivided into the following 20<\/td><td>&nbsp;<\/td><td>&nbsp;<\/td><td>&nbsp;<\/td><td>&nbsp;<\/td><td>&nbsp;<\/td><\/tr><tr><td rowspan=\"6\">17-21<\/td><td rowspan=\"6\">Five Gnanendriyas&nbsp;<\/td><td>The 5 Gnanendriyas<\/td><td>&nbsp;<\/td><td>&nbsp;<\/td><td>&nbsp;<\/td><\/tr><tr><td>17<\/td><td>Srotra<\/td><td>&nbsp;<\/td><td>&nbsp;<\/td><\/tr><tr><td>18<\/td><td>Tvak<\/td><td>&nbsp;<\/td><td>&nbsp;<\/td><\/tr><tr><td>19<\/td><td>Chakshu<\/td><td>&nbsp;<\/td><td>&nbsp;<\/td><\/tr><tr><td>20<\/td><td>Jivha&nbsp;<\/td><td>&nbsp;<\/td><td>&nbsp;<\/td><\/tr><tr><td>21<\/td><td>Ghrana<\/td><td>&nbsp;<\/td><td>&nbsp;<\/td><\/tr><tr><td rowspan=\"6\">22-26<\/td><td rowspan=\"6\">Five Karmendriyas<\/td><td>The 5 Karmendriyas<\/td><td>&nbsp;<\/td><td>&nbsp;<\/td><td>&nbsp;<\/td><\/tr><tr><td>22<\/td><td>Vak<\/td><td>&nbsp;<\/td><td>&nbsp;<\/td><\/tr><tr><td>23<\/td><td>Pani<\/td><td>&nbsp;<\/td><td>&nbsp;<\/td><\/tr><tr><td>24<\/td><td>Pada<\/td><td>&nbsp;<\/td><td>&nbsp;<\/td><\/tr><tr><td>25<\/td><td>Payu<\/td><td>&nbsp;<\/td><td>&nbsp;<\/td><\/tr><tr><td>26<\/td><td>Upastha<\/td><td>&nbsp;<\/td><td>&nbsp;<\/td><\/tr><tr><td rowspan=\"6\">27-31<\/td><td rowspan=\"6\">Five Tanmantras&nbsp;<\/td><td>The 5 Tanmantras<\/td><td>&nbsp;<\/td><td>&nbsp;<\/td><td>&nbsp;<\/td><\/tr><tr><td>27<\/td><td>Shabda<\/td><td>&nbsp;<\/td><td>&nbsp;<\/td><\/tr><tr><td>28<\/td><td>Sparhsa<\/td><td>&nbsp;<\/td><td>&nbsp;<\/td><\/tr><tr><td>29<\/td><td>Rupa<\/td><td>&nbsp;<\/td><td>&nbsp;<\/td><\/tr><tr><td>30<\/td><td>Rasa<\/td><td>&nbsp;<\/td><td>&nbsp;<\/td><\/tr><tr><td>31<\/td><td>Gandha<\/td><td>&nbsp;<\/td><td>&nbsp;<\/td><\/tr><tr><td rowspan=\"6\">32-36<\/td><td rowspan=\"6\">Five Mahabhutas&nbsp;<\/td><td>The 5 Mahabhutas<\/td><td>&nbsp;<\/td><td>&nbsp;<\/td><td>&nbsp;<\/td><\/tr><tr><td>22<\/td><td>Akasha 33<\/td><td>&nbsp;<\/td><td>&nbsp;<\/td><\/tr><tr><td>23<\/td><td>Vayu 33<\/td><td>&nbsp;<\/td><td>&nbsp;<\/td><\/tr><tr><td>24<\/td><td>Agni 34<\/td><td>&nbsp;<\/td><td>&nbsp;<\/td><\/tr><tr><td>25<\/td><td>Apa 35<\/td><td>&nbsp;<\/td><td>&nbsp;<\/td><\/tr><tr><td>26<\/td><td>Prithvi 36<\/td><td>&nbsp;<\/td><td>&nbsp;<\/td><\/tr><\/tbody><\/table><\/figure>\n\n\n\n<p> <\/p>\n","protected":false},"excerpt":{"rendered":"<p>In youthful zest, she takes her stand, a warrior child, divine,Against the sons of darkness, her courage does outshine.B\u0101l\u0101, fierce and undeterred, her victory lights the skies.Advised by her mother, yet to battle, she flies,Defying fears, with valor clear, she &hellip; <a href=\"https:\/\/www.akella.org\/home\/in-praise-of-mother-lalitha\/74bala-the-child-provider-of-control-over-the-tattvas-bha%e1%b9%87%e1%b8%8daputra-vadhodyukta-bala-vikrama-nandita-%e0%a4%ad%e0%a4%a3%e0%a5%8d%e0%a4%a1%e0%a4%aa%e0%a5%81%e0%a4%a4%e0%a5%8d\">Continue reading <span class=\"meta-nav\">&rarr;<\/span><\/a><\/p>\n","protected":false},"author":2,"featured_media":0,"parent":378,"menu_order":0,"comment_status":"closed","ping_status":"closed","template":"","meta":{"footnotes":""},"class_list":["post-709","page","type-page","status-publish","hentry"],"_links":{"self":[{"href":"https:\/\/www.akella.org\/home\/wp-json\/wp\/v2\/pages\/709","targetHints":{"allow":["GET"]}}],"collection":[{"href":"https:\/\/www.akella.org\/home\/wp-json\/wp\/v2\/pages"}],"about":[{"href":"https:\/\/www.akella.org\/home\/wp-json\/wp\/v2\/types\/page"}],"author":[{"embeddable":true,"href":"https:\/\/www.akella.org\/home\/wp-json\/wp\/v2\/users\/2"}],"replies":[{"embeddable":true,"href":"https:\/\/www.akella.org\/home\/wp-json\/wp\/v2\/comments?post=709"}],"version-history":[{"count":1,"href":"https:\/\/www.akella.org\/home\/wp-json\/wp\/v2\/pages\/709\/revisions"}],"predecessor-version":[{"id":710,"href":"https:\/\/www.akella.org\/home\/wp-json\/wp\/v2\/pages\/709\/revisions\/710"}],"up":[{"embeddable":true,"href":"https:\/\/www.akella.org\/home\/wp-json\/wp\/v2\/pages\/378"}],"wp:attachment":[{"href":"https:\/\/www.akella.org\/home\/wp-json\/wp\/v2\/media?parent=709"}],"curies":[{"name":"wp","href":"https:\/\/api.w.org\/{rel}","templated":true}]}}