{"id":712,"date":"2024-04-06T20:04:35","date_gmt":"2024-04-07T01:04:35","guid":{"rendered":"https:\/\/www.akella.org\/home\/?page_id=712"},"modified":"2024-04-06T20:04:36","modified_gmt":"2024-04-07T01:04:36","slug":"verse-4-of-dhyana-slokam","status":"publish","type":"page","link":"https:\/\/www.akella.org\/home\/in-praise-of-mother-lalitha\/verse-4-of-dhyana-slokam","title":{"rendered":"Verse 4 of Dhyana Slokam"},"content":{"rendered":"\n<p>saku\u1e43kuma-vilepan\u0101\u1e43 alika-cumbi-kast\u016brik\u0101\u1e43<br>samanda-hasitek\u1e63a\u1e47\u0101m sa\u015bara-c\u0101pa-p\u0101\u015b\u0101\u1e45ku\u015ba<br>a\u015be\u1e63a-jana-mohin\u012b\u1e43 aru\u1e47a-m\u0101lya-bh\u016b\u1e63\u0101\u1e43bar\u0101\u1e43<br>jap\u0101-kusuma-bh\u0101sur\u0101\u1e43 japavidhau smareda\u1e43bik\u0101m<\/p>\n\n\n\n<p>\u0938\u0915\u0941\u0902\u0915\u0941\u092e-\u0935\u093f\u0932\u0947\u092a\u0928\u093e\u0902 \u0905\u0932\u093f\u0915-\u091a\u0941\u092e\u094d\u092c\u093f-\u0915\u0938\u094d\u0924\u0942\u0930\u093f\u0915\u093e\u0902<br>\u0938\u092e\u0928\u094d\u0926-\u0939\u0938\u093f\u0924\u0947\u0915\u094d\u0937\u0923\u093e\u092e\u094d \u0938\u0936\u0930-\u091a\u093e\u092a-\u092a\u093e\u0936\u093e\u0902\u0915\u0941\u0936\u093e\u092e\u094d<br>\u0905\u0936\u0947\u0937-\u091c\u0928-\u092e\u094b\u0939\u093f\u0928\u0940\u0902 \u0905\u0930\u0941\u0923-\u092e\u093e\u0932\u094d\u092f-\u092d\u0942\u0937\u093e\u0902\u092c\u0930\u093e\u0902<br>\u091c\u092a\u093e-\u0915\u0941\u0938\u0941\u092e-\u092d\u093e\u0938\u0941\u0930\u093e\u0902 \u091c\u092a\u0935\u093f\u0927\u094c \u0938\u094d\u092e\u0930\u0947\u0926\u0902\u092c\u093f\u0915\u093e\u092e\u094d<\/p>\n\n\n\n<pre class=\"wp-block-verse\">In the realm of sacred hues and divine light,<br>She stands, adorned in red, a captivating sight.<br>Her skin, aglow with saffron's golden sheen,<br>Marks of musk, a beauty so serene.<br><br>I see her now, in my mind's eye,<br>A vision of grace, before the dawn's cry.<br>Her eyes, a pair of lotuses in bloom,<br>Their laughter pierces any gloom.<br><br>With bow and arrows, noose, and goad in hand,<br>She captures hearts across the land.<br>And mine, dear heart, she holds so tight,<br>As if to guide me through the darkest night.<br><br>Enthralling all, she reigns supreme,<br>In her aura, a celestial gleam.<br>Arrayed in garlands red as dawn,<br>Her splendor, like the sun, shines on.<br><br>Bright as hibiscus, her radiance unfurled,<br>Illuminates the mind and the world.<br>In meditation, her form we behold,<br>A vision of grace, in crimson and gold.<br><br>Remembering her, the Mother divine,<br>In chants and prayers, we entwine.<br>Her essence, a guide through dark and light,<br>Leads us with love, wisdom, and insight.<br><br>She is the dawn that breaks my slumber,<br>The melody that soothes my tumultuous hummer.<br>In her presence, I find my rest,<br>In her love, I find my zest.<br><br>Through tears of joy, I sing her praise,<br>In her image, I find endless days.<br>Forever she remains, the heart of my sight,<br>In her light, I find my eternal night.<\/pre>\n","protected":false},"excerpt":{"rendered":"<p>saku\u1e43kuma-vilepan\u0101\u1e43 alika-cumbi-kast\u016brik\u0101\u1e43samanda-hasitek\u1e63a\u1e47\u0101m sa\u015bara-c\u0101pa-p\u0101\u015b\u0101\u1e45ku\u015baa\u015be\u1e63a-jana-mohin\u012b\u1e43 aru\u1e47a-m\u0101lya-bh\u016b\u1e63\u0101\u1e43bar\u0101\u1e43jap\u0101-kusuma-bh\u0101sur\u0101\u1e43 japavidhau smareda\u1e43bik\u0101m \u0938\u0915\u0941\u0902\u0915\u0941\u092e-\u0935\u093f\u0932\u0947\u092a\u0928\u093e\u0902 \u0905\u0932\u093f\u0915-\u091a\u0941\u092e\u094d\u092c\u093f-\u0915\u0938\u094d\u0924\u0942\u0930\u093f\u0915\u093e\u0902\u0938\u092e\u0928\u094d\u0926-\u0939\u0938\u093f\u0924\u0947\u0915\u094d\u0937\u0923\u093e\u092e\u094d \u0938\u0936\u0930-\u091a\u093e\u092a-\u092a\u093e\u0936\u093e\u0902\u0915\u0941\u0936\u093e\u092e\u094d\u0905\u0936\u0947\u0937-\u091c\u0928-\u092e\u094b\u0939\u093f\u0928\u0940\u0902 \u0905\u0930\u0941\u0923-\u092e\u093e\u0932\u094d\u092f-\u092d\u0942\u0937\u093e\u0902\u092c\u0930\u093e\u0902\u091c\u092a\u093e-\u0915\u0941\u0938\u0941\u092e-\u092d\u093e\u0938\u0941\u0930\u093e\u0902 \u091c\u092a\u0935\u093f\u0927\u094c \u0938\u094d\u092e\u0930\u0947\u0926\u0902\u092c\u093f\u0915\u093e\u092e\u094d In the realm of sacred hues and divine light,She stands, adorned in red, a captivating sight.Her skin, aglow with saffron&#8217;s golden sheen,Marks of musk, a beauty so serene.I &hellip; <a href=\"https:\/\/www.akella.org\/home\/in-praise-of-mother-lalitha\/verse-4-of-dhyana-slokam\">Continue reading <span class=\"meta-nav\">&rarr;<\/span><\/a><\/p>\n","protected":false},"author":2,"featured_media":0,"parent":378,"menu_order":0,"comment_status":"closed","ping_status":"closed","template":"","meta":{"footnotes":""},"class_list":["post-712","page","type-page","status-publish","hentry"],"_links":{"self":[{"href":"https:\/\/www.akella.org\/home\/wp-json\/wp\/v2\/pages\/712","targetHints":{"allow":["GET"]}}],"collection":[{"href":"https:\/\/www.akella.org\/home\/wp-json\/wp\/v2\/pages"}],"about":[{"href":"https:\/\/www.akella.org\/home\/wp-json\/wp\/v2\/types\/page"}],"author":[{"embeddable":true,"href":"https:\/\/www.akella.org\/home\/wp-json\/wp\/v2\/users\/2"}],"replies":[{"embeddable":true,"href":"https:\/\/www.akella.org\/home\/wp-json\/wp\/v2\/comments?post=712"}],"version-history":[{"count":1,"href":"https:\/\/www.akella.org\/home\/wp-json\/wp\/v2\/pages\/712\/revisions"}],"predecessor-version":[{"id":713,"href":"https:\/\/www.akella.org\/home\/wp-json\/wp\/v2\/pages\/712\/revisions\/713"}],"up":[{"embeddable":true,"href":"https:\/\/www.akella.org\/home\/wp-json\/wp\/v2\/pages\/378"}],"wp:attachment":[{"href":"https:\/\/www.akella.org\/home\/wp-json\/wp\/v2\/media?parent=712"}],"curies":[{"name":"wp","href":"https:\/\/api.w.org\/{rel}","templated":true}]}}