{"id":720,"date":"2024-05-06T19:37:37","date_gmt":"2024-05-07T00:37:37","guid":{"rendered":"https:\/\/www.akella.org\/home\/?page_id=720"},"modified":"2024-05-06T19:37:41","modified_gmt":"2024-05-07T00:37:41","slug":"76-destroyer-of-visukra-visukra-pra%e1%b9%87ahara%e1%b9%87a-varahi-virya-nandita-%e0%a4%b5%e0%a4%bf%e0%a4%b6%e0%a5%81%e0%a4%95%e0%a5%8d%e0%a4%b0-%e0%a4%aa%e0%a5%8d%e0%a4%b0%e0%a4%be%e0%a4%a3","status":"publish","type":"page","link":"https:\/\/www.akella.org\/home\/in-praise-of-mother-lalitha\/76-destroyer-of-visukra-visukra-pra%e1%b9%87ahara%e1%b9%87a-varahi-virya-nandita-%e0%a4%b5%e0%a4%bf%e0%a4%b6%e0%a5%81%e0%a4%95%e0%a5%8d%e0%a4%b0-%e0%a4%aa%e0%a5%8d%e0%a4%b0%e0%a4%be%e0%a4%a3","title":{"rendered":"76) Destroyer of Visukra &#8211; Vi\u015bukra-pr\u0101\u1e47ahara\u1e47a-V\u0101r\u0101h\u012b-v\u012brya-nandit\u0101 \u0935\u093f\u0936\u0941\u0915\u094d\u0930-\u092a\u094d\u0930\u093e\u0923\u0939\u0930\u0923-\u0935\u093e\u0930\u093e\u0939\u0940-\u0935\u0940\u0930\u094d\u092f-\u0928\u0928\u094d\u0926\u093f\u0924\u093e"},"content":{"rendered":"\n<pre class=\"wp-block-verse\">In the sacred dance of cosmic might,<br>Varahi's valor shines so bright,<br>Slaying Visukra in the fight.<br><br>Her triumph Lalitha did delight,<br>For bravery that pierced the night,<br>And cleared the path for light's pure sight.<br><br>From the depths of spiritual blight,<br>The three-fold mala takes its flight,<br>As Bala's strength dispels the slight.<br><br>Mantrini's chants, a guiding kite,<br>Lead minds astray back to the right,<br>Calming waves in their restless plight.<br><br>Varahi, fierce, upholds the rite,<br>Her discipline, the soul's invite,<br>To walk the path devoid of spite.<br><br>In union, these divine insights,<br>Grant power to overcome the plight,<br>Of ego, darkness, and contrite.<br><br>Each devotee, with soul alight,<br>Finds in themselves a noble knight,<br>Prepared to reach the highest height.<br><br>Thus, Lalitha, with pure delight,<br>Sees her forces, in love unite,<br>Her cosmic law, forever bright.<\/pre>\n","protected":false},"excerpt":{"rendered":"<p>In the sacred dance of cosmic might,Varahi&#8217;s valor shines so bright,Slaying Visukra in the fight.Her triumph Lalitha did delight,For bravery that pierced the night,And cleared the path for light&#8217;s pure sight.From the depths of spiritual blight,The three-fold mala takes its &hellip; <a href=\"https:\/\/www.akella.org\/home\/in-praise-of-mother-lalitha\/76-destroyer-of-visukra-visukra-pra%e1%b9%87ahara%e1%b9%87a-varahi-virya-nandita-%e0%a4%b5%e0%a4%bf%e0%a4%b6%e0%a5%81%e0%a4%95%e0%a5%8d%e0%a4%b0-%e0%a4%aa%e0%a5%8d%e0%a4%b0%e0%a4%be%e0%a4%a3\">Continue reading <span class=\"meta-nav\">&rarr;<\/span><\/a><\/p>\n","protected":false},"author":2,"featured_media":0,"parent":378,"menu_order":0,"comment_status":"closed","ping_status":"closed","template":"","meta":{"footnotes":""},"class_list":["post-720","page","type-page","status-publish","hentry"],"_links":{"self":[{"href":"https:\/\/www.akella.org\/home\/wp-json\/wp\/v2\/pages\/720","targetHints":{"allow":["GET"]}}],"collection":[{"href":"https:\/\/www.akella.org\/home\/wp-json\/wp\/v2\/pages"}],"about":[{"href":"https:\/\/www.akella.org\/home\/wp-json\/wp\/v2\/types\/page"}],"author":[{"embeddable":true,"href":"https:\/\/www.akella.org\/home\/wp-json\/wp\/v2\/users\/2"}],"replies":[{"embeddable":true,"href":"https:\/\/www.akella.org\/home\/wp-json\/wp\/v2\/comments?post=720"}],"version-history":[{"count":1,"href":"https:\/\/www.akella.org\/home\/wp-json\/wp\/v2\/pages\/720\/revisions"}],"predecessor-version":[{"id":721,"href":"https:\/\/www.akella.org\/home\/wp-json\/wp\/v2\/pages\/720\/revisions\/721"}],"up":[{"embeddable":true,"href":"https:\/\/www.akella.org\/home\/wp-json\/wp\/v2\/pages\/378"}],"wp:attachment":[{"href":"https:\/\/www.akella.org\/home\/wp-json\/wp\/v2\/media?parent=720"}],"curies":[{"name":"wp","href":"https:\/\/api.w.org\/{rel}","templated":true}]}}