{"id":729,"date":"2024-08-06T14:33:14","date_gmt":"2024-08-06T19:33:14","guid":{"rendered":"https:\/\/www.akella.org\/home\/?page_id=729"},"modified":"2024-08-06T14:36:34","modified_gmt":"2024-08-06T19:36:34","slug":"77-the-glance-divine-kamesvara-mukhaloka-kalpita-sriga%e1%b9%87esvara-%e0%a4%95%e0%a4%be%e0%a4%ae%e0%a5%87%e0%a4%b6%e0%a5%8d%e0%a4%b5%e0%a4%b0-%e0%a4%ae%e0%a5%81%e0%a4%96%e0%a4%be%e0%a4%b2","status":"publish","type":"page","link":"https:\/\/www.akella.org\/home\/in-praise-of-mother-lalitha\/77-the-glance-divine-kamesvara-mukhaloka-kalpita-sriga%e1%b9%87esvara-%e0%a4%95%e0%a4%be%e0%a4%ae%e0%a5%87%e0%a4%b6%e0%a5%8d%e0%a4%b5%e0%a4%b0-%e0%a4%ae%e0%a5%81%e0%a4%96%e0%a4%be%e0%a4%b2","title":{"rendered":"77) The Glance Divine    &#8211;      K\u0101me\u015bvara-mukh\u0101loka-kalpita-\u015br\u012bga\u1e47e\u015bvar\u0101 \u0915\u093e\u092e\u0947\u0936\u094d\u0935\u0930-\u092e\u0941\u0916\u093e\u0932\u094b\u0915-\u0915\u0932\u094d\u092a\u093f\u0924-\u0936\u094d\u0930\u0940\u0917\u0923\u0947\u0936\u094d\u0935\u0930\u093e"},"content":{"rendered":"\n<pre class=\"wp-block-verse\">In a mere glance from Lalitha to K\u0101me\u015bvara's grace,<br>Ga\u1e47e\u015bh\u0101 was born, first son of \u015aiva and P\u0101rvath\u012b's embrace,<br>A beacon of strength, in the cosmic dance's pace.<br><br>Amidst the war, Bhand\u0101sura's army faced dire plight,<br>A yantra named jaya vigna\u1e41 cast a shadow, dimming their light,<br>Lalitha\u2019s warriors faltered, losing their might.<br><br>Mantrin\u012b Devi, wise in mantra\u2019s potent art,<br>Saw the yantra\u2019s curse, tearing them apart,<br>To Lalitha she turned, seeking a way to restart.<br><br>The yantra's power, rooted in mantra\u2019s deep lore,<br>Could be undone by one who conquers the purya\u1e63\u1e6daka\u2019s core,<br>Twenty-eight elements, leading to \u015aiva, the supreme shore.<br><br>Five organs of action, and senses fivefold,<br>Fourfold anta\u1e25kara\u1e47a, and pr\u0101\u1e47a, the breath's hold,<br>Five elements, desire, ignorance, and karma untold.<br><br>When these are mastered, the purya\u1e63\u1e6daka's threads unwind,<br>Attributes of \u015aiva, pure essence combined,<br>Nirgu\u1e47a Brahman, liberation of the highest kind.<br><br>\u015aiva S\u016btra speaks of this yogic state,<br>Where five elements as mere coverings abate,<br>In that moment, liberation is fate.<br><br>Supreme and like \u015aiva, the soul ascends,<br>Through stages of growth, the journey transcends,<br>To blissful realization, where all illusion ends.<br><br>-<em>Mani<\/em><\/pre>\n\n\n\n<p><\/p>\n","protected":false},"excerpt":{"rendered":"<p>In a mere glance from Lalitha to K\u0101me\u015bvara&#8217;s grace,Ga\u1e47e\u015bh\u0101 was born, first son of \u015aiva and P\u0101rvath\u012b&#8217;s embrace,A beacon of strength, in the cosmic dance&#8217;s pace.Amidst the war, Bhand\u0101sura&#8217;s army faced dire plight,A yantra named jaya vigna\u1e41 cast a shadow, &hellip; <a href=\"https:\/\/www.akella.org\/home\/in-praise-of-mother-lalitha\/77-the-glance-divine-kamesvara-mukhaloka-kalpita-sriga%e1%b9%87esvara-%e0%a4%95%e0%a4%be%e0%a4%ae%e0%a5%87%e0%a4%b6%e0%a5%8d%e0%a4%b5%e0%a4%b0-%e0%a4%ae%e0%a5%81%e0%a4%96%e0%a4%be%e0%a4%b2\">Continue reading <span class=\"meta-nav\">&rarr;<\/span><\/a><\/p>\n","protected":false},"author":2,"featured_media":0,"parent":378,"menu_order":0,"comment_status":"closed","ping_status":"closed","template":"onecolumn-page.php","meta":{"footnotes":""},"class_list":["post-729","page","type-page","status-publish","hentry"],"_links":{"self":[{"href":"https:\/\/www.akella.org\/home\/wp-json\/wp\/v2\/pages\/729","targetHints":{"allow":["GET"]}}],"collection":[{"href":"https:\/\/www.akella.org\/home\/wp-json\/wp\/v2\/pages"}],"about":[{"href":"https:\/\/www.akella.org\/home\/wp-json\/wp\/v2\/types\/page"}],"author":[{"embeddable":true,"href":"https:\/\/www.akella.org\/home\/wp-json\/wp\/v2\/users\/2"}],"replies":[{"embeddable":true,"href":"https:\/\/www.akella.org\/home\/wp-json\/wp\/v2\/comments?post=729"}],"version-history":[{"count":2,"href":"https:\/\/www.akella.org\/home\/wp-json\/wp\/v2\/pages\/729\/revisions"}],"predecessor-version":[{"id":732,"href":"https:\/\/www.akella.org\/home\/wp-json\/wp\/v2\/pages\/729\/revisions\/732"}],"up":[{"embeddable":true,"href":"https:\/\/www.akella.org\/home\/wp-json\/wp\/v2\/pages\/378"}],"wp:attachment":[{"href":"https:\/\/www.akella.org\/home\/wp-json\/wp\/v2\/media?parent=729"}],"curies":[{"name":"wp","href":"https:\/\/api.w.org\/{rel}","templated":true}]}}